{"id":97,"date":"2024-08-19T16:00:23","date_gmt":"2024-08-19T14:00:23","guid":{"rendered":"https:\/\/www.sclerodermie.net\/?page_id=97"},"modified":"2025-05-02T11:43:39","modified_gmt":"2025-05-02T09:43:39","slug":"lergotherapie","status":"publish","type":"page","link":"https:\/\/www.sclerodermie.net\/index.php\/lergotherapie\/","title":{"rendered":"L\u2019ergoth\u00e9rapie"},"content":{"rendered":"\n<p><strong>L\u2019ergoth\u00e9rapie<\/strong><\/p>\n\n\n\n<p><em>Par Alexandra Roren, Franck Chagny, Catherine Bedin et Camille Daste<\/em><\/p>\n\n\n\n<p>L\u2019ergoth\u00e9rapeute est un professionnel de la r\u00e9\u00e9ducation. Au moyen de conseils, d\u2019activit\u00e9s et d\u2019aide techniques, il \u0153uvre \u00e0 maintenir\/d\u00e9velopper l\u2019autonomie de la personne pr\u00e9sentant un handicap. Il prend en compte l\u2019environnement mat\u00e9riel (lieu de vie), familial et social du patient.&nbsp;<\/p>\n\n\n\n<p>Apr\u00e8s avoir r\u00e9alis\u00e9 un bilan de vos capacit\u00e9s fonctionnelles, l\u2019ergoth\u00e9rapeute vous propose des activit\u00e9s visant \u00e0 am\u00e9liorer <a href=\"https:\/\/www.sclerodermie.net\/index.php\/manifestations-articulaires\/\" data-type=\"page\" data-id=\"444\">vos amplitudes articulaires<\/a>, <a href=\"https:\/\/www.sclerodermie.net\/index.php\/la-main\/\" data-type=\"page\" data-id=\"78\">votre dext\u00e9rit\u00e9\u2026<\/a><\/p>\n\n\n\n<p><br><\/p>\n\n\n\n<div class=\"wp-block-media-text is-stacked-on-mobile\"><figure class=\"wp-block-media-text__media\"><img decoding=\"async\" width=\"219\" height=\"164\" src=\"https:\/\/www.sclerodermie.net\/wp-content\/uploads\/2025\/05\/image-1.png\" alt=\"\" class=\"wp-image-433 size-full\"\/><\/figure><div class=\"wp-block-media-text__content\">\n<p><\/p>\n\n\n\n<figure class=\"wp-block-image size-full is-resized\"><img decoding=\"async\" width=\"130\" height=\"187\" src=\"https:\/\/www.sclerodermie.net\/wp-content\/uploads\/2025\/05\/image-2.png\" alt=\"\" class=\"wp-image-434\" style=\"width:226px;height:auto\"\/><\/figure>\n\n\n\n<p><\/p>\n<\/div><\/div>\n\n\n\n<p><img decoding=\"async\" width=\"224\" height=\"162\" src=\"file:\/\/\/C:\/Users\/locka\/AppData\/Local\/Packages\/oice_16_974fa576_32c1d314_31c9\/AC\/Temp\/msohtmlclip1\/01\/clip_image002.png\" alt=\"Zone de Texte:  \"><img loading=\"lazy\" decoding=\"async\" width=\"249\" height=\"150\" src=\"file:\/\/\/C:\/Users\/locka\/AppData\/Local\/Packages\/oice_16_974fa576_32c1d314_31c9\/AC\/Temp\/msohtmlclip1\/01\/clip_image004.png\" alt=\"Zone de Texte:  \">Pour conserver\/am\u00e9liorer la mobilit\u00e9 de vos articulations, l\u2019ergoth\u00e9rapeute peut r\u00e9aliser des orth\u00e8ses sur mesure \u00e0 porter \u00e0 certains moments de la journ\u00e9e et\/ou la nuit.<\/p>\n\n\n\n<div class=\"wp-block-media-text is-stacked-on-mobile\" style=\"grid-template-columns:44% auto\"><figure class=\"wp-block-media-text__media\"><img loading=\"lazy\" decoding=\"async\" width=\"219\" height=\"136\" src=\"https:\/\/www.sclerodermie.net\/wp-content\/uploads\/2025\/05\/image-3.png\" alt=\"\" class=\"wp-image-435 size-full\"\/><\/figure><div class=\"wp-block-media-text__content\">\n<p><\/p>\n\n\n\n<figure class=\"wp-block-image size-full is-resized\"><img loading=\"lazy\" decoding=\"async\" width=\"198\" height=\"149\" src=\"https:\/\/www.sclerodermie.net\/wp-content\/uploads\/2025\/05\/image-4.png\" alt=\"\" class=\"wp-image-436\" style=\"width:325px;height:auto\"\/><\/figure>\n\n\n\n<p><\/p>\n<\/div><\/div>\n\n\n\n<div class=\"wp-block-media-text is-stacked-on-mobile\" style=\"grid-template-columns:44% auto\"><figure class=\"wp-block-media-text__media\"><img loading=\"lazy\" decoding=\"async\" width=\"219\" height=\"130\" src=\"https:\/\/www.sclerodermie.net\/wp-content\/uploads\/2025\/05\/image-5.png\" alt=\"\" class=\"wp-image-437 size-full\"\/><\/figure><div class=\"wp-block-media-text__content\">\n<p><\/p>\n\n\n\n<figure class=\"wp-block-image size-full is-resized\"><img loading=\"lazy\" decoding=\"async\" width=\"203\" height=\"152\" src=\"https:\/\/www.sclerodermie.net\/wp-content\/uploads\/2025\/05\/image-6.png\" alt=\"\" class=\"wp-image-438\" style=\"width:308px;height:auto\"\/><\/figure>\n\n\n\n<p><\/p>\n<\/div><\/div>\n\n\n\n<p>L\u2019ergoth\u00e9rapeute peut vous fabriquer ou vous indiquer o\u00f9 vous procurer des aides pour accomplir les gestes de la vie quotidienne : actionner une fermeture \u00e9clair, ouvrir une bouteille, un yaourt\u2026.<\/p>\n\n\n\n<div class=\"wp-block-media-text is-stacked-on-mobile\"><figure class=\"wp-block-media-text__media\"><img loading=\"lazy\" decoding=\"async\" width=\"219\" height=\"165\" src=\"https:\/\/www.sclerodermie.net\/wp-content\/uploads\/2025\/05\/image-7.png\" alt=\"\" class=\"wp-image-439 size-full\"\/><\/figure><div class=\"wp-block-media-text__content\">\n<p><\/p>\n\n\n\n<figure class=\"wp-block-image size-full is-resized\"><img loading=\"lazy\" decoding=\"async\" width=\"128\" height=\"96\" src=\"https:\/\/www.sclerodermie.net\/wp-content\/uploads\/2025\/05\/image-8.png\" alt=\"\" class=\"wp-image-440\" style=\"width:400px;height:auto\"\/><\/figure>\n\n\n\n<p><\/p>\n\n\n\n<figure class=\"wp-block-image size-full is-resized\"><img loading=\"lazy\" decoding=\"async\" width=\"127\" height=\"96\" src=\"https:\/\/www.sclerodermie.net\/wp-content\/uploads\/2025\/05\/image-9.png\" alt=\"\" class=\"wp-image-441\" style=\"width:403px;height:auto\"\/><\/figure>\n\n\n\n<p><\/p>\n<\/div><\/div>\n\n\n\n<p>La r\u00e9\u00e9ducation passe aussi par tous ces actes quotidiens.<\/p>\n\n\n\n<p><strong>\u00ab&nbsp;Des mains qui servent sont des mains qui ne s\u2019enraidissent pas\u00bb<\/strong><\/p>\n\n\n\n<p><\/p>\n","protected":false},"excerpt":{"rendered":"<p>L\u2019ergoth\u00e9rapie Par Alexandra Roren, Franck Chagny, Catherine Bedin et Camille Daste L\u2019ergoth\u00e9rapeute est un professionnel de la r\u00e9\u00e9ducation. Au moyen de conseils, d\u2019activit\u00e9s et d\u2019aide techniques, il \u0153uvre \u00e0 maintenir\/d\u00e9velopper [&hellip;]<\/p>\n","protected":false},"author":1,"featured_media":0,"parent":0,"menu_order":0,"comment_status":"closed","ping_status":"closed","template":"","meta":{"ngg_post_thumbnail":0,"footnotes":""},"class_list":["post-97","page","type-page","status-publish","hentry","entry"],"_links":{"self":[{"href":"https:\/\/www.sclerodermie.net\/index.php\/wp-json\/wp\/v2\/pages\/97","targetHints":{"allow":["GET"]}}],"collection":[{"href":"https:\/\/www.sclerodermie.net\/index.php\/wp-json\/wp\/v2\/pages"}],"about":[{"href":"https:\/\/www.sclerodermie.net\/index.php\/wp-json\/wp\/v2\/types\/page"}],"author":[{"embeddable":true,"href":"https:\/\/www.sclerodermie.net\/index.php\/wp-json\/wp\/v2\/users\/1"}],"replies":[{"embeddable":true,"href":"https:\/\/www.sclerodermie.net\/index.php\/wp-json\/wp\/v2\/comments?post=97"}],"version-history":[{"count":4,"href":"https:\/\/www.sclerodermie.net\/index.php\/wp-json\/wp\/v2\/pages\/97\/revisions"}],"predecessor-version":[{"id":446,"href":"https:\/\/www.sclerodermie.net\/index.php\/wp-json\/wp\/v2\/pages\/97\/revisions\/446"}],"wp:attachment":[{"href":"https:\/\/www.sclerodermie.net\/index.php\/wp-json\/wp\/v2\/media?parent=97"}],"curies":[{"name":"wp","href":"https:\/\/api.w.org\/{rel}","templated":true}]}}