{"id":813,"date":"2026-04-10T11:07:49","date_gmt":"2026-04-10T09:07:49","guid":{"rendered":"https:\/\/www.sclerodermie.net\/?page_id=813"},"modified":"2026-04-10T11:07:49","modified_gmt":"2026-04-10T09:07:49","slug":"poumon-et-sclerodermie-systemique","status":"publish","type":"page","link":"https:\/\/www.sclerodermie.net\/index.php\/poumon-et-sclerodermie-systemique\/","title":{"rendered":"Poumon et Scl\u00e9rodermie Syst\u00e9mique"},"content":{"rendered":"\n<p><strong>Poumon et Scl\u00e9rodermie Syst\u00e9mique. <em>Lung and Systemic Sclerosis<\/em>.<\/strong><\/p>\n\n\n\n<p><strong>Mise au point. <\/strong>Auteur&nbsp;:<strong> \u00c9ric Hachulla.<\/strong><\/p>\n\n\n\n<p><strong>Rev Med Interne. 2026; 47(2):70-75. <\/strong><a href=\"https:\/\/doi.org\/10.1016\/j.revmed.2025.08.006\" target=\"_blank\" rel=\"noreferrer noopener\">https:\/\/doi.org\/10.1016\/j.revmed.2025.08.006<\/a><strong><\/strong><\/p>\n\n\n\n<p><strong>Introduction et objectif(s) de l\u2019\u00e9tude<\/strong><strong><\/strong><\/p>\n\n\n\n<p>La pneumopathie interstitielle diffuse (PID) est une atteinte fr\u00e9quente de la scl\u00e9rodermie syst\u00e9mique (ScS), touchant 40 \u00e0 50% des patients (jusqu\u2019\u00e0 70 \u00e0 100% sur les donn\u00e9es autopsiques), grevant le pronostic. La PID et l\u2019hypertension art\u00e9rielle pulmonaire sont les 2 atteintes pulmonaires pr\u00e9dominantes et les 2 principales causes de d\u00e9c\u00e8s de cette maladie.<\/p>\n\n\n\n<p><strong>M\u00e9thode(s)<\/strong><strong><\/strong><\/p>\n\n\n\n<p>Il s\u2019agit d\u2019une mise au point concise bas\u00e9e sur la revue de la litt\u00e9rature dont l\u2019objectif est de faire le point sur le d\u00e9pistage, les facteurs de facteurs de risques et la th\u00e9rapeutique actuelle.<\/p>\n\n\n\n<p><strong>R\u00e9sultat(s)<\/strong><strong><\/strong><\/p>\n\n\n\n<p>Le d\u00e9pistage syst\u00e9matique de la dyspn\u00e9e et la r\u00e9alisation d\u2019un scanner thoracique haute r\u00e9solution et d\u2019\u00e9preuves fonctionnelles respiratoires (EFR) avec capacit\u00e9 de diffusion pulmonaire (DLCO) sont recommand\u00e9s d\u00e8s le diagnostic. Ces 3 mesures sont importantes, car environ un tiers des patients avec ScS et PID n\u2019ont pas de dyspn\u00e9e \u00e0 l\u2019effort et la moiti\u00e9 des patients avec ScS et des EFR normaux ont une PID.<\/p>\n\n\n\n<p>Le suivi EFR avec DLCO et la clinique est recommand\u00e9 tous les 6 mois durant les 3 \u00e0 5 premi\u00e8res ann\u00e9es. Un nouveau scanner doit \u00eatre r\u00e9alis\u00e9 pour \u00e9valuer la progression si les EFR ou la DLCO s\u2019aggravent. Certains patients sont plus \u00e0 risque de d\u00e9velopper une PID et seront \u00e0 surveiller de fa\u00e7on plus assidue (<strong>Tableau 1<\/strong>).<\/p>\n\n\n\n<p>L\u2019aspect de \u00ab&nbsp;pneumopathie interstitielle non sp\u00e9cifique&nbsp;(PINS)&nbsp;\u00bb est le plus fr\u00e9quent (80%). La \u00ab&nbsp;pneumopathie interstitielle commune (PIC)&nbsp;\u00bb est plus rare (10%). La PID est \u00e9tendue si \u2265 30\u2005% de fibrose au CT-scan, ou 10 \u00e0 30% de fibrose avec une capacit\u00e9 vitale forc\u00e9e (CVF) &lt; 70% du pr\u00e9dit. La PID est limit\u00e9e si \u2264 10\u2005% de fibrose au CT-scan, ou 10 \u00e0 30% de fibrose avec une CVF \u2265 70\u2005% du pr\u00e9dit (crit\u00e8res de Goh).<\/p>\n\n\n\n<p>Le syndrome emphys\u00e8me des sommets et fibrose des bases, observ\u00e9 exclusivement chez le fumeur, est une forme grave.<\/p>\n\n\n\n<p>Au plan th\u00e9rapeutique, les recommandations actuelles du Protocole national de diagnostic et de soins<\/p>\n\n\n\n<p>(PNDS, <strong>Figure 1)<\/strong>, de l\u2019<em>American Thoracic Society<\/em>, l\u2019<em>European Alliance of Associations for Rheumatology<\/em> (EULAR) pr\u00e9conisent une prise en charge personnalis\u00e9e bas\u00e9e sur le risque \u00e9volutif.<\/p>\n\n\n\n<p>Le mycoph\u00e9nolate mof\u00e9til (MMF, hors AMM) est le traitement oral de premi\u00e8re ligne. Le rituximab (RTX, hors AMM) a montr\u00e9 un effet favorable sur la stabilisation voire l\u2019am\u00e9lioration de la CVF. Le MMF et le rituximab ont \u00e9t\u00e9 positionn\u00e9s en premi\u00e8re ligne dans l\u2019atteinte de la PID-Scl\u00e9rodermique dans les recommandations de l\u2019EULAR 2023. Le tocilizumab (hors AMM) a \u00e9galement d\u00e9montr\u00e9 un ralentissement du d\u00e9clin de la CVF dans les sous-groupes avec PID dans deux essais randomis\u00e9s. Le nint\u00e9danib (AMM) a prouv\u00e9 son efficacit\u00e9 dans l\u2019essai SENSCIS, r\u00e9duisant significativement le d\u00e9clin annuel de la CVF, y compris chez les patients recevant du MMF. En cas de progression malgr\u00e9 un traitement initial bien conduit, une autogreffe de cellules souches h\u00e9matopo\u00ef\u00e9tique ou une combinaison MMF + RTX peut \u00eatre discut\u00e9e. La transplantation pulmonaire peut \u00eatre envisag\u00e9e dans les formes r\u00e9fractaires. Une approche int\u00e9grative associant oxyg\u00e9noth\u00e9rapie, r\u00e9habilitation et prophylaxie infectieuse est essentielle.<\/p>\n\n\n\n<p><strong>Conclusion<\/strong><strong><\/strong><\/p>\n\n\n\n<p>Il est important de d\u00e9pister pr\u00e9cocement la PID de la ScS, d\u2019en assurer le suivi et une prise en charge th\u00e9rapeutique m\u00e9dicamenteuse selon sa gravit\u00e9 initiale ou sa progression.<\/p>\n\n\n\n<p><strong>Message(s) cl\u00e9&nbsp; <\/strong><strong><\/strong><\/p>\n\n\n\n<p><strong>Il est important de d\u00e9pister, suivre et traiter la PID de la ScS. Une discussion th\u00e9rapeutique est n\u00e9cessaire d\u00e8s son diagnostic et la th\u00e9rapie \u00e0 valider de fa\u00e7on coll\u00e9giale, le plus souvent en RCP.<\/strong><\/p>\n\n\n\n<figure class=\"wp-block-image size-full\"><img fetchpriority=\"high\" decoding=\"async\" width=\"589\" height=\"271\" src=\"https:\/\/www.sclerodermie.net\/wp-content\/uploads\/2026\/04\/image.png\" alt=\"\" class=\"wp-image-814\" srcset=\"https:\/\/www.sclerodermie.net\/wp-content\/uploads\/2026\/04\/image.png 589w, https:\/\/www.sclerodermie.net\/wp-content\/uploads\/2026\/04\/image-300x138.png 300w\" sizes=\"(max-width: 589px) 100vw, 589px\" \/><\/figure>\n\n\n\n<p><strong>Tableau issue int\u00e9gralement de l\u2019article.<\/strong><\/p>\n\n\n\n<figure class=\"wp-block-image size-full\"><img decoding=\"async\" width=\"948\" height=\"616\" src=\"https:\/\/www.sclerodermie.net\/wp-content\/uploads\/2026\/04\/image-1.png\" alt=\"\" class=\"wp-image-815\" srcset=\"https:\/\/www.sclerodermie.net\/wp-content\/uploads\/2026\/04\/image-1.png 948w, https:\/\/www.sclerodermie.net\/wp-content\/uploads\/2026\/04\/image-1-300x195.png 300w, https:\/\/www.sclerodermie.net\/wp-content\/uploads\/2026\/04\/image-1-768x499.png 768w\" sizes=\"(max-width: 948px) 100vw, 948px\" \/><\/figure>\n\n\n\n<p><strong>Figure 1<\/strong>&nbsp;: algorithme des recommandations g\u00e9n\u00e9rales du PNDS publi\u00e9 en 2022 (https:\/\/www.has-sante.fr\/upload\/docs\/application\/pdf\/2008-11\/pnds__sclerodermie_web.pdf).<strong><\/strong><\/p>\n\n\n\n<p><strong>(Figure issue int\u00e9gralement de l\u2019article).<\/strong><em><\/em><\/p>\n\n\n\n<p>Hachulla E. Poumon et scl\u00e9rodermie syst\u00e9mique. Rev M\u00e9d Interne 2026\u00a0; 47(2):70-75.<\/p>\n","protected":false},"excerpt":{"rendered":"<p>Poumon et Scl\u00e9rodermie Syst\u00e9mique. Lung and Systemic Sclerosis. Mise au point. Auteur&nbsp;: \u00c9ric Hachulla. Rev Med Interne. 2026; 47(2):70-75. https:\/\/doi.org\/10.1016\/j.revmed.2025.08.006 Introduction et objectif(s) de l\u2019\u00e9tude La pneumopathie interstitielle diffuse (PID) [&hellip;]<\/p>\n","protected":false},"author":1,"featured_media":0,"parent":0,"menu_order":0,"comment_status":"closed","ping_status":"closed","template":"","meta":{"ngg_post_thumbnail":0,"footnotes":""},"class_list":["post-813","page","type-page","status-publish","hentry","entry"],"_links":{"self":[{"href":"https:\/\/www.sclerodermie.net\/index.php\/wp-json\/wp\/v2\/pages\/813","targetHints":{"allow":["GET"]}}],"collection":[{"href":"https:\/\/www.sclerodermie.net\/index.php\/wp-json\/wp\/v2\/pages"}],"about":[{"href":"https:\/\/www.sclerodermie.net\/index.php\/wp-json\/wp\/v2\/types\/page"}],"author":[{"embeddable":true,"href":"https:\/\/www.sclerodermie.net\/index.php\/wp-json\/wp\/v2\/users\/1"}],"replies":[{"embeddable":true,"href":"https:\/\/www.sclerodermie.net\/index.php\/wp-json\/wp\/v2\/comments?post=813"}],"version-history":[{"count":1,"href":"https:\/\/www.sclerodermie.net\/index.php\/wp-json\/wp\/v2\/pages\/813\/revisions"}],"predecessor-version":[{"id":816,"href":"https:\/\/www.sclerodermie.net\/index.php\/wp-json\/wp\/v2\/pages\/813\/revisions\/816"}],"wp:attachment":[{"href":"https:\/\/www.sclerodermie.net\/index.php\/wp-json\/wp\/v2\/media?parent=813"}],"curies":[{"name":"wp","href":"https:\/\/api.w.org\/{rel}","templated":true}]}}