{"id":786,"date":"2026-02-24T10:47:46","date_gmt":"2026-02-24T09:47:46","guid":{"rendered":"https:\/\/www.sclerodermie.net\/?page_id=786"},"modified":"2026-02-24T10:47:46","modified_gmt":"2026-02-24T09:47:46","slug":"morbi-mortalite-des-patients-obeses-atteints-de-sclerodermie-systemique-une-etude-comparative","status":"publish","type":"page","link":"https:\/\/www.sclerodermie.net\/index.php\/morbi-mortalite-des-patients-obeses-atteints-de-sclerodermie-systemique-une-etude-comparative\/","title":{"rendered":"Morbi-mortalit\u00e9 des patients ob\u00e8ses atteints de scl\u00e9rodermie syst\u00e9mique : une \u00e9tude comparative"},"content":{"rendered":"\n<p><strong>Introduction et objectif(s) de l\u2019\u00e9tude<\/strong><br>La pr\u00e9valence de la scl\u00e9rodermie syst\u00e9mique (ScS) et d&rsquo;autres maladies auto-immunes a<br>consid\u00e9rablement augment\u00e9 au cours des derni\u00e8res d\u00e9cennies, en particulier dans les pays d\u00e9velopp\u00e9s.<br>Il est de plus en plus reconnu que les facteurs environnementaux, en particulier les habitudes<br>alimentaires associ\u00e9es au mode de vie occidental, jouent un r\u00f4le pr\u00e9dominant dans l&rsquo;augmentation de<br>la pr\u00e9valence des maladies auto-immunes et de l\u2019ob\u00e9sit\u00e9 au cours des derni\u00e8res ann\u00e9es. L\u2019ob\u00e9sit\u00e9 est<br>reconnue comme \u00e9tant un facteur de risque d\u2019apparition et de progression de certaines maladies auto-<br>immunes. Il n\u2019y a n\u00e9anmoins aucune \u00e9tude s\u2019int\u00e9ressant \u00e0 l\u2019association entre l\u2019ob\u00e9sit\u00e9 et la ScS. Nous<br>avons donc men\u00e9 une \u00e9tude comparative r\u00e9trospective visant \u00e0 \u00e9valuer la pr\u00e9valence, les<br>caract\u00e9ristiques cliniques et les cons\u00e9quences \u00e0 long terme de l&rsquo;ob\u00e9sit\u00e9 chez les patients atteints de<br>ScS.<\/p>\n\n\n\n<p><br><strong>M\u00e9thode(s)<\/strong><br>Nous avons men\u00e9 une \u00e9tude comparative r\u00e9trospective monocentrique au sein du service de m\u00e9decine<br>interne de l&rsquo;h\u00f4pital universitaire Cochin \u00e0 Paris. Les crit\u00e8res d&rsquo;\u00e9ligibilit\u00e9 comprenaient un diagnostic de<br>ScS bas\u00e9 sur les crit\u00e8res de classification ACR\/EULAR et un \u00e2ge \u2265 18 ans.<\/p>\n\n\n\n<p><br><strong>R\u00e9sultat(s)<\/strong><br>Sur les 911 patients atteints de ScS inclus dans l&rsquo;\u00e9tude, 90 (9,9 %) \u00e9taient ob\u00e8ses, dont 79 femmes et<br>11 hommes. Le poids m\u00e9dian des patients ob\u00e8ses \u00e9tait de 90 [82-98] kg, contre 60 [53-67] kg pour les<br>patients non ob\u00e8ses, ce qui correspond \u00e0 un indice de masse corporelle m\u00e9dian de 33 [31-37] kg\/m2 et<br>23 [20-25] kg\/m2, respectivement. Les patients ob\u00e8ses pr\u00e9sentaient une pr\u00e9valence plus \u00e9lev\u00e9e de<br>facteurs de risque cardiovasculaires. Le score cutan\u00e9 de Rodnan modifi\u00e9 (mRSS) m\u00e9dian \u00e9tait<br>significativement plus \u00e9lev\u00e9 chez les patients non ob\u00e8ses que chez les patients ob\u00e8ses (6 [2-16] contre<br>3 [2-7] ; P &lt; 0,05). L&rsquo;atteinte organique ne diff\u00e9rait pas de mani\u00e8re significative entre les patients<br>ob\u00e8ses et non ob\u00e8ses. Nous avons observ\u00e9 un nombre de d\u00e9c\u00e8s plus faible chez les patients atteints de<br>ScS ob\u00e8ses que chez les patients atteints de ScS non ob\u00e8ses (6 [11 %] contre 26 d\u00e9c\u00e8s [25 %], p =<br>0,06). L&rsquo;analyse des courbes de survie de Kaplan Meier sur 30 ans n&rsquo;a pas montr\u00e9 de diff\u00e9rence<br>significative en termes de survie entre les patients atteints de ScS ob\u00e8ses et non ob\u00e8ses.<br>Conclusion<br>Cette \u00e9tude portant sur des patients ob\u00e8ses atteints de ScS r\u00e9v\u00e8le que ceux-ci pr\u00e9sentent une<br>pr\u00e9valence plus \u00e9lev\u00e9e de facteurs de risque cardiovasculaires, un mRSS plus faible, moins de<br>calcinose et des taux similaires d\u2019atteinte syst\u00e9mique et de mortalit\u00e9 par rapport aux patients non<br>ob\u00e8ses atteints de ScS.<br><\/p>\n\n\n\n<p><\/p>\n\n\n\n<p>Grange L, Chaigne B, Casadevall M, et al. Morbi-mortality of obese patients with systemic sclerosis:<br>A comparative study. Rev Med Interne. 2026 Jan;47(1):5-12. doi: 10.1016\/j.revmed.2025.04.026.<br>Epub 2025 May 6. PMID: 40335379. https:\/\/pubmed.ncbi.nlm.nih.gov\/40335379\/<\/p>\n\n\n\n<p><strong>Message(s) cl\u00e9<\/strong><br>Malgr\u00e9 les facteurs de risque cardiovasculaire li\u00e9s \u00e0 l&rsquo;ob\u00e9sit\u00e9, les patients ob\u00e8ses atteints de ScS<br>pr\u00e9sentent une fibrose cutan\u00e9e moins importante, des atteintes syst\u00e9miques comparables et un taux de<br>mortalit\u00e9 similaire \u00e0 celui de leurs homologues non ob\u00e8ses.<\/p>\n\n\n\n<p>Veille Bibliographique pour le site GFRS \u2013 R\u00e9sum\u00e9 par Lucile Grange \u2013 date 23\/02\/2026<\/p>\n\n\n\n<p><\/p>\n","protected":false},"excerpt":{"rendered":"<p>Introduction et objectif(s) de l\u2019\u00e9tudeLa pr\u00e9valence de la scl\u00e9rodermie syst\u00e9mique (ScS) et d&rsquo;autres maladies auto-immunes aconsid\u00e9rablement augment\u00e9 au cours des derni\u00e8res d\u00e9cennies, en particulier dans les pays d\u00e9velopp\u00e9s.Il est de [&hellip;]<\/p>\n","protected":false},"author":1,"featured_media":0,"parent":0,"menu_order":0,"comment_status":"closed","ping_status":"closed","template":"","meta":{"ngg_post_thumbnail":0,"footnotes":""},"class_list":["post-786","page","type-page","status-publish","hentry","entry"],"_links":{"self":[{"href":"https:\/\/www.sclerodermie.net\/index.php\/wp-json\/wp\/v2\/pages\/786","targetHints":{"allow":["GET"]}}],"collection":[{"href":"https:\/\/www.sclerodermie.net\/index.php\/wp-json\/wp\/v2\/pages"}],"about":[{"href":"https:\/\/www.sclerodermie.net\/index.php\/wp-json\/wp\/v2\/types\/page"}],"author":[{"embeddable":true,"href":"https:\/\/www.sclerodermie.net\/index.php\/wp-json\/wp\/v2\/users\/1"}],"replies":[{"embeddable":true,"href":"https:\/\/www.sclerodermie.net\/index.php\/wp-json\/wp\/v2\/comments?post=786"}],"version-history":[{"count":1,"href":"https:\/\/www.sclerodermie.net\/index.php\/wp-json\/wp\/v2\/pages\/786\/revisions"}],"predecessor-version":[{"id":787,"href":"https:\/\/www.sclerodermie.net\/index.php\/wp-json\/wp\/v2\/pages\/786\/revisions\/787"}],"wp:attachment":[{"href":"https:\/\/www.sclerodermie.net\/index.php\/wp-json\/wp\/v2\/media?parent=786"}],"curies":[{"name":"wp","href":"https:\/\/api.w.org\/{rel}","templated":true}]}}