{"id":684,"date":"2025-07-09T11:04:20","date_gmt":"2025-07-09T09:04:20","guid":{"rendered":"https:\/\/www.sclerodermie.net\/?page_id=684"},"modified":"2025-07-09T11:24:07","modified_gmt":"2025-07-09T09:24:07","slug":"le-score-de-rodnan","status":"publish","type":"page","link":"https:\/\/www.sclerodermie.net\/index.php\/le-score-de-rodnan\/","title":{"rendered":"Le score de Rodnan"},"content":{"rendered":"\n<h2 class=\"wp-block-heading\">Le score de Rodnan<\/h2>\n\n\n\n<p>Ce score est une proposition de standardisation de mesure de l\u2019atteinte de la peau dans la scl\u00e9rodermie; il existe des variantes mais les diff\u00e9rentes zones du corps sont cot\u00e9es entre 0 et 3&nbsp; en fonction de la possibilit\u00e9 de plissement de la peau.<\/p>\n\n\n\n<p>La somme des sites \u00e0 \u00e9valuer indique un nombre qui d\u00e9finit le score \u00e0 un moment donn\u00e9. Cette mesure demande un certain entra\u00eenement.<\/p>\n\n\n\n<figure class=\"wp-block-image size-full\"><img fetchpriority=\"high\" decoding=\"async\" width=\"850\" height=\"750\" src=\"https:\/\/www.sclerodermie.net\/wp-content\/uploads\/2025\/07\/score-Rodnan-GFRS-Pic.png\" alt=\"\" class=\"wp-image-685\" srcset=\"https:\/\/www.sclerodermie.net\/wp-content\/uploads\/2025\/07\/score-Rodnan-GFRS-Pic.png 850w, https:\/\/www.sclerodermie.net\/wp-content\/uploads\/2025\/07\/score-Rodnan-GFRS-Pic-300x265.png 300w, https:\/\/www.sclerodermie.net\/wp-content\/uploads\/2025\/07\/score-Rodnan-GFRS-Pic-768x678.png 768w\" sizes=\"(max-width: 850px) 100vw, 850px\" \/><\/figure>\n\n\n\n<p><a href=\"https:\/\/sclerodermie.net\/wp-content\/uploads\/2014\/07\/score-Rodnan-GFRS-Pic.png\"><\/a><\/p>\n\n\n\n<div data-wp-interactive=\"core\/file\" class=\"wp-block-file\"><object data-wp-bind--hidden=\"!state.hasPdfPreview\" hidden class=\"wp-block-file__embed\" data=\"https:\/\/www.sclerodermie.net\/wp-content\/uploads\/2025\/07\/RODNAN-GFRS-2019.pdf\" type=\"application\/pdf\" style=\"width:100%;height:600px\" aria-label=\"Contenu embarqu\u00e9 RODNAN-GFRS-2019.\"><\/object><a id=\"wp-block-file--media-daff030d-764c-42c9-94a0-eb97c4244856\" href=\"https:\/\/www.sclerodermie.net\/wp-content\/uploads\/2025\/07\/RODNAN-GFRS-2019.pdf\">RODNAN-GFRS-2019<\/a><a href=\"https:\/\/www.sclerodermie.net\/wp-content\/uploads\/2025\/07\/RODNAN-GFRS-2019.pdf\" class=\"wp-block-file__button wp-element-button\" download aria-describedby=\"wp-block-file--media-daff030d-764c-42c9-94a0-eb97c4244856\">T\u00e9l\u00e9charger<\/a><\/div>\n","protected":false},"excerpt":{"rendered":"<p>Le score de Rodnan Ce score est une proposition de standardisation de mesure de l\u2019atteinte de la peau dans la scl\u00e9rodermie; il existe des variantes mais les diff\u00e9rentes zones du [&hellip;]<\/p>\n","protected":false},"author":1,"featured_media":0,"parent":0,"menu_order":0,"comment_status":"closed","ping_status":"closed","template":"","meta":{"ngg_post_thumbnail":0,"footnotes":""},"class_list":["post-684","page","type-page","status-publish","hentry","entry"],"_links":{"self":[{"href":"https:\/\/www.sclerodermie.net\/index.php\/wp-json\/wp\/v2\/pages\/684","targetHints":{"allow":["GET"]}}],"collection":[{"href":"https:\/\/www.sclerodermie.net\/index.php\/wp-json\/wp\/v2\/pages"}],"about":[{"href":"https:\/\/www.sclerodermie.net\/index.php\/wp-json\/wp\/v2\/types\/page"}],"author":[{"embeddable":true,"href":"https:\/\/www.sclerodermie.net\/index.php\/wp-json\/wp\/v2\/users\/1"}],"replies":[{"embeddable":true,"href":"https:\/\/www.sclerodermie.net\/index.php\/wp-json\/wp\/v2\/comments?post=684"}],"version-history":[{"count":2,"href":"https:\/\/www.sclerodermie.net\/index.php\/wp-json\/wp\/v2\/pages\/684\/revisions"}],"predecessor-version":[{"id":689,"href":"https:\/\/www.sclerodermie.net\/index.php\/wp-json\/wp\/v2\/pages\/684\/revisions\/689"}],"wp:attachment":[{"href":"https:\/\/www.sclerodermie.net\/index.php\/wp-json\/wp\/v2\/media?parent=684"}],"curies":[{"name":"wp","href":"https:\/\/api.w.org\/{rel}","templated":true}]}}