{"id":566,"date":"2025-05-16T10:46:56","date_gmt":"2025-05-16T08:46:56","guid":{"rendered":"https:\/\/www.sclerodermie.net\/?page_id=566"},"modified":"2026-01-22T17:19:17","modified_gmt":"2026-01-22T16:19:17","slug":"conseil-scientifique","status":"publish","type":"page","link":"https:\/\/www.sclerodermie.net\/index.php\/conseil-scientifique\/","title":{"rendered":"Conseil scientifique"},"content":{"rendered":"\n<p>Dr Am\u00e9lie Servettaz, Pr\u00e9sidente<\/p>\n\n\n\n<p>Dr Laurence Michel, Vice-pr\u00e9sidente<\/p>\n\n\n\n<p>Pr Christian Agard<\/p>\n\n\n\n<p>Dr C\u00e9cile Contin-Bordes<\/p>\n\n\n\n<p>Dr Benjamin Chaigne<\/p>\n\n\n\n<p>Dr Lisa Friedlander<\/p>\n\n\n\n<p>Pr Brigitte Granel<\/p>\n\n\n\n<p>Dr Nathalie Lambert<\/p>\n\n\n\n<p>Pr David Launay<\/p>\n\n\n\n<p>Pr Val\u00e9rie Lecureur<\/p>\n\n\n\n<p>Dr Alexandre Maria<\/p>\n\n\n\n<p>Pr Thierry Martin<\/p>\n\n\n\n<p>Pr Ars\u00e8ne M\u00e9kinian<\/p>\n\n\n\n<p>Pr Gr\u00e9gory Pugnet<\/p>\n\n\n\n<p>Pr Yurdag\u00fcl Uzunhan<\/p>\n\n\n\n<p>Dr Pauline Rozier<\/p>\n\n\n\n<p>Dr Audrey Benyamine<\/p>\n\n\n\n<p>Dr Benjamin Thoreau<\/p>\n","protected":false},"excerpt":{"rendered":"<p>Dr Am\u00e9lie Servettaz, Pr\u00e9sidente Dr Laurence Michel, Vice-pr\u00e9sidente Pr Christian Agard Dr C\u00e9cile Contin-Bordes Dr Benjamin Chaigne Dr Lisa Friedlander Pr Brigitte Granel Dr Nathalie Lambert Pr David Launay Pr [&hellip;]<\/p>\n","protected":false},"author":1,"featured_media":0,"parent":0,"menu_order":0,"comment_status":"closed","ping_status":"closed","template":"","meta":{"ngg_post_thumbnail":0,"footnotes":""},"class_list":["post-566","page","type-page","status-publish","hentry","entry"],"_links":{"self":[{"href":"https:\/\/www.sclerodermie.net\/index.php\/wp-json\/wp\/v2\/pages\/566","targetHints":{"allow":["GET"]}}],"collection":[{"href":"https:\/\/www.sclerodermie.net\/index.php\/wp-json\/wp\/v2\/pages"}],"about":[{"href":"https:\/\/www.sclerodermie.net\/index.php\/wp-json\/wp\/v2\/types\/page"}],"author":[{"embeddable":true,"href":"https:\/\/www.sclerodermie.net\/index.php\/wp-json\/wp\/v2\/users\/1"}],"replies":[{"embeddable":true,"href":"https:\/\/www.sclerodermie.net\/index.php\/wp-json\/wp\/v2\/comments?post=566"}],"version-history":[{"count":4,"href":"https:\/\/www.sclerodermie.net\/index.php\/wp-json\/wp\/v2\/pages\/566\/revisions"}],"predecessor-version":[{"id":728,"href":"https:\/\/www.sclerodermie.net\/index.php\/wp-json\/wp\/v2\/pages\/566\/revisions\/728"}],"wp:attachment":[{"href":"https:\/\/www.sclerodermie.net\/index.php\/wp-json\/wp\/v2\/media?parent=566"}],"curies":[{"name":"wp","href":"https:\/\/api.w.org\/{rel}","templated":true}]}}