{"id":562,"date":"2025-05-16T10:27:54","date_gmt":"2025-05-16T08:27:54","guid":{"rendered":"https:\/\/www.sclerodermie.net\/?page_id=562"},"modified":"2025-05-16T10:27:54","modified_gmt":"2025-05-16T08:27:54","slug":"la-fatigue-dans-la-sclerodermie-systemique","status":"publish","type":"page","link":"https:\/\/www.sclerodermie.net\/index.php\/la-fatigue-dans-la-sclerodermie-systemique\/","title":{"rendered":"La fatigue dans la scl\u00e9rodermie syst\u00e9mique"},"content":{"rendered":"\n<p><em>Par les Dr Alice B\u00e9r\u00e9zn\u00e9 et Elisabeth Diot<\/em><\/p>\n\n\n\n<p>Les sympt\u00f4mes de la SSc scl\u00e9rodermie syst\u00e9mique retentissent consid\u00e9rablement sur les activit\u00e9s quotidiennes, professionnelles et diminuent la qualit\u00e9 de vie des patients. La fatigue est reconnue comme l\u2019un des plus invalidants.<\/p>\n\n\n\n<p>La fatigue affecte, en effet, de nombreuses facettes de la vie, diminuant la capacit\u00e9 d&rsquo;effectuer des t\u00e2ches habituelles du quotidien, de s\u2019occuper de sa famille, de s&rsquo;engager dans des activit\u00e9s sociales, d&rsquo;accomplir des t\u00e2ches professionnelles. Elle peut \u00e9galement \u00eatre \u00e0 l\u2019origine de troubles de l\u2019humeur et de syndromes d\u00e9pressifs r\u00e9actionnels auxquels votre m\u00e9decin devra \u00eatre attentif. Elle va \u00e9galement limiter l\u2019activit\u00e9 physique et peut diminuer la capacit\u00e9 \u00e0 maintenir son activit\u00e9 professionnelle \u00e0 l\u2019identique.<\/p>\n\n\n\n<p>La fatigue ne semble pas corr\u00e9l\u00e9e avec le type de scl\u00e9rodermie syst\u00e9mique. La pr\u00e9sence d\u2019une <a href=\"https:\/\/www.sclerodermie.net\/index.php\/les-poumons\/\" data-type=\"page\" data-id=\"80\">atteinte pulmonaire, <\/a><a>gastro-intestinal <\/a>\u00a0et <a href=\"https:\/\/www.sclerodermie.net\/index.php\/manifestations-articulaires\/\" data-type=\"page\" data-id=\"444\">musculaire\u00a0 <\/a>sont rapport\u00e9es comme des facteurs de risque de survenue de fatigue au cours de la maladie.<\/p>\n\n\n\n<p>La fatigue au cours de la scl\u00e9rodermie syst\u00e9mique reste un sympt\u00f4me peu sp\u00e9cifique et son apparition brutale, ou l\u2019aggravation d\u2019une fatigue chronique doit faire rechercher une autre cause telle que l\u2019an\u00e9mie, l\u2019association avec une autre maladie auto-immune, une hypothyro\u00efdie, une infection et parfois un effet secondaire des traitements en cours. Votre m\u00e9decin peut \u00e9galement refaire le bilan complet de la scl\u00e9rodermie syst\u00e9mique \u00e0 la recherche d\u2019une complication de la maladie.<\/p>\n\n\n\n<p>La prise en charge globale de la scl\u00e9rodermie va forc\u00e9ment entrainer une am\u00e9lioration de la fatigue. Le contr\u00f4le de la douleur, des troubles digestifs va retentir positivement sur l\u2019\u00e9tat g\u00e9n\u00e9ral et sur la fatigue.<\/p>\n\n\n\n<p>La fatigue lorsqu\u2019elle est invalidante peut \u00eatre reconnue comme un handicap et peut \u00eatre mentionn\u00e9e dans une demande de dossier MDPH. Cela peut permettre de mettre en place une adaptation du poste de travail, du temps de travail hebdomadaire, des aides \u00e0 domicile par exemple.<\/p>\n\n\n\n<p>Un patient atteint de scl\u00e9rodermie syst\u00e9mique doit apprendre \u00e0 g\u00e9rer sa fatigue, \u00e0 connaitre son seuil de fatigabilit\u00e9. Une prise en charge par un kin\u00e9sith\u00e9rapeute et m\u00eame une r\u00e9adaptation \u00e0 l\u2019effort peut \u00eatre b\u00e9n\u00e9fique. Une aide psychologique peut \u00e9galement \u00eatre proposer.<\/p>\n\n\n\n<hr class=\"wp-block-separator has-alpha-channel-opacity\"\/>\n\n\n\n<p><a id=\"_msocom_1\"><\/a><\/p>\n\n\n\n<p><\/p>\n\n\n\n<p><a id=\"_msocom_2\"><\/a><\/p>\n\n\n\n<p>&nbsp;<a href=\"#_msoanchor_2\">[GP2]<\/a>Lien digestif<\/p>\n\n\n\n<p><a id=\"_msocom_3\"><\/a><\/p>\n\n\n\n<p><\/p>\n\n\n\n<p><\/p>\n","protected":false},"excerpt":{"rendered":"<p>Par les Dr Alice B\u00e9r\u00e9zn\u00e9 et Elisabeth Diot Les sympt\u00f4mes de la SSc scl\u00e9rodermie syst\u00e9mique retentissent consid\u00e9rablement sur les activit\u00e9s quotidiennes, professionnelles et diminuent la qualit\u00e9 de vie des patients. [&hellip;]<\/p>\n","protected":false},"author":1,"featured_media":0,"parent":0,"menu_order":0,"comment_status":"closed","ping_status":"closed","template":"","meta":{"ngg_post_thumbnail":0,"footnotes":""},"class_list":["post-562","page","type-page","status-publish","hentry","entry"],"_links":{"self":[{"href":"https:\/\/www.sclerodermie.net\/index.php\/wp-json\/wp\/v2\/pages\/562","targetHints":{"allow":["GET"]}}],"collection":[{"href":"https:\/\/www.sclerodermie.net\/index.php\/wp-json\/wp\/v2\/pages"}],"about":[{"href":"https:\/\/www.sclerodermie.net\/index.php\/wp-json\/wp\/v2\/types\/page"}],"author":[{"embeddable":true,"href":"https:\/\/www.sclerodermie.net\/index.php\/wp-json\/wp\/v2\/users\/1"}],"replies":[{"embeddable":true,"href":"https:\/\/www.sclerodermie.net\/index.php\/wp-json\/wp\/v2\/comments?post=562"}],"version-history":[{"count":1,"href":"https:\/\/www.sclerodermie.net\/index.php\/wp-json\/wp\/v2\/pages\/562\/revisions"}],"predecessor-version":[{"id":563,"href":"https:\/\/www.sclerodermie.net\/index.php\/wp-json\/wp\/v2\/pages\/562\/revisions\/563"}],"wp:attachment":[{"href":"https:\/\/www.sclerodermie.net\/index.php\/wp-json\/wp\/v2\/media?parent=562"}],"curies":[{"name":"wp","href":"https:\/\/api.w.org\/{rel}","templated":true}]}}