{"id":522,"date":"2025-05-14T11:09:24","date_gmt":"2025-05-14T09:09:24","guid":{"rendered":"https:\/\/www.sclerodermie.net\/?page_id=522"},"modified":"2025-05-14T11:09:24","modified_gmt":"2025-05-14T09:09:24","slug":"les-manifestations-neurologiques-dans-la-sclerodermie-systemique","status":"publish","type":"page","link":"https:\/\/www.sclerodermie.net\/index.php\/les-manifestations-neurologiques-dans-la-sclerodermie-systemique\/","title":{"rendered":"Les manifestations neurologiques dans la scl\u00e9rodermie syst\u00e9mique"},"content":{"rendered":"\n<p><em>Par les Dr Damien Biotti, Pascal Cintas et Jonathan Ciron et le Pr Gr\u00e9gory Pugnet<\/em><\/p>\n\n\n\n<p>L\u2019atteinte neurologique dans la scl\u00e9rodermie syst\u00e9mique est consid\u00e9r\u00e9e comme rare mais non exceptionnelle. La pr\u00e9valence de cette atteinte est tr\u00e8s variable dans la litt\u00e9rature et peut aller jusqu\u2019\u00e0 18% pour les atteintes neurologiques p\u00e9riph\u00e9riques et 16% pour les atteintes neurologiques centrales.<\/p>\n\n\n\n<p>Les manifestations neurologiques p\u00e9riph\u00e9riques les plus fr\u00e9quemment d\u00e9crites, en excluant les myopathies, sont les neuropathies trig\u00e9minales (34,3%), les polyneuropathies (29,6 %) et les syndromes canalaires (7,5%) comme le syndrome du canal carpien.<\/p>\n\n\n\n<p>Quant \u00e0 l\u2019atteinte neurologique centrale associ\u00e9 \u00e0 la scl\u00e9rodermie, elle serait principalement repr\u00e9sent\u00e9e par des c\u00e9phal\u00e9es (25%), des \u00e9pilepsies (14%), des troubles cognitifs (9%) et des accidents vasculaires c\u00e9r\u00e9braux (6,6%).<\/p>\n\n\n\n<p>Il est toutefois souvent tr\u00e8s difficile de rattacher ces atteintes neurologiques \u00e0 une manifestation sp\u00e9cifique de la scl\u00e9rodermie syst\u00e9mique.<\/p>\n","protected":false},"excerpt":{"rendered":"<p>Par les Dr Damien Biotti, Pascal Cintas et Jonathan Ciron et le Pr Gr\u00e9gory Pugnet L\u2019atteinte neurologique dans la scl\u00e9rodermie syst\u00e9mique est consid\u00e9r\u00e9e comme rare mais non exceptionnelle. La pr\u00e9valence [&hellip;]<\/p>\n","protected":false},"author":1,"featured_media":0,"parent":0,"menu_order":0,"comment_status":"closed","ping_status":"closed","template":"","meta":{"ngg_post_thumbnail":0,"footnotes":""},"class_list":["post-522","page","type-page","status-publish","hentry","entry"],"_links":{"self":[{"href":"https:\/\/www.sclerodermie.net\/index.php\/wp-json\/wp\/v2\/pages\/522","targetHints":{"allow":["GET"]}}],"collection":[{"href":"https:\/\/www.sclerodermie.net\/index.php\/wp-json\/wp\/v2\/pages"}],"about":[{"href":"https:\/\/www.sclerodermie.net\/index.php\/wp-json\/wp\/v2\/types\/page"}],"author":[{"embeddable":true,"href":"https:\/\/www.sclerodermie.net\/index.php\/wp-json\/wp\/v2\/users\/1"}],"replies":[{"embeddable":true,"href":"https:\/\/www.sclerodermie.net\/index.php\/wp-json\/wp\/v2\/comments?post=522"}],"version-history":[{"count":1,"href":"https:\/\/www.sclerodermie.net\/index.php\/wp-json\/wp\/v2\/pages\/522\/revisions"}],"predecessor-version":[{"id":523,"href":"https:\/\/www.sclerodermie.net\/index.php\/wp-json\/wp\/v2\/pages\/522\/revisions\/523"}],"wp:attachment":[{"href":"https:\/\/www.sclerodermie.net\/index.php\/wp-json\/wp\/v2\/media?parent=522"}],"curies":[{"name":"wp","href":"https:\/\/api.w.org\/{rel}","templated":true}]}}