{"id":414,"date":"2025-05-02T10:49:02","date_gmt":"2025-05-02T08:49:02","guid":{"rendered":"https:\/\/www.sclerodermie.net\/?page_id=414"},"modified":"2026-04-10T10:37:33","modified_gmt":"2026-04-10T08:37:33","slug":"webinaires","status":"publish","type":"page","link":"https:\/\/www.sclerodermie.net\/index.php\/webinaires\/","title":{"rendered":"Webinaires"},"content":{"rendered":"\n<p>Vous trouverez sur cette page des liens vers les vid\u00e9os de nos webinairs.<\/p>\n\n\n\n<p class=\"has-text-align-center\">2026<\/p>\n\n\n\n<p>12 Mars 2026 : Manifestations dermatologiques dans la scl\u00e9rodermie syst\u00e9mique et utilisation du laser th\u00e9rapeutique. Drs Marie Aymonier et Claire Sarles<\/p>\n\n\n\n<figure class=\"wp-block-video\"><video height=\"1080\" style=\"aspect-ratio: 1920 \/ 1080;\" width=\"1920\" controls src=\"https:\/\/www.sclerodermie.net\/wp-content\/uploads\/2026\/04\/Webinaire-GFRS-12-mars-2026-2.mp4\"><\/video><\/figure>\n\n\n\n<p>15 Janvier 2026 : Actualit\u00e9s dans la Fibrose Pulmonaire : quel impact pour la scl\u00e9rodermie syst\u00e9mique ? Pr Yurdag\u00fcl Uzunhan <\/p>\n\n\n\n<figure class=\"wp-block-video\"><video height=\"1080\" style=\"aspect-ratio: 1920 \/ 1080;\" width=\"1920\" controls src=\"https:\/\/www.sclerodermie.net\/wp-content\/uploads\/2026\/04\/15-janvier-2026-2.mp4\"><\/video><\/figure>\n\n\n\n<p><\/p>\n\n\n\n<p class=\"has-text-align-center\">2025 <\/p>\n\n\n\n<p>11 septembre 2025&nbsp;: Actualit\u00e9s dans l\u2019atteinte cardiaque de la scl\u00e9rodermie. Pr Luc Mouthon<\/p>\n\n\n\n<p>19 juin 2025 : Nouveau design des essais dans les maladies rares.&nbsp;Pr Behrouz Kassai-Koupai&nbsp;&nbsp;&nbsp;&nbsp;&nbsp;&nbsp;<\/p>\n\n\n\n<figure class=\"wp-block-video\"><video height=\"800\" style=\"aspect-ratio: 1680 \/ 800;\" width=\"1680\" controls src=\"https:\/\/www.sclerodermie.net\/wp-content\/uploads\/2026\/04\/19-juin-2025.mp4\"><\/video><\/figure>\n\n\n\n<p><a href=\"https:\/\/u-paris.zoom.us\/rec\/play\/B4DfttvFIa2BgQ3d3KDrPWq79Zk7cbueWGpd3lfb-gVatRCaeEGLzr3o4Zw1XC2Cjeuu7lFJSvUC0svQ.xhb7KmdaZWfxlwke?canPlayFromShare=true&amp;from=share_recording_detail&amp;continueMode=true&amp;componentName=rec-play&amp;originRequestUrl=https:\/\/u-paris.zoom.us\/rec\/share\/FnPX-duuOddkfr0AwZfJjA8Hl6nmEXxlYKUXZwhpaYGLnFAe_bCSN_seE40uwzhW.wAP4FWrpQhgSX3ym\">16\u00e8me webinaire <\/a> il vous faudra ensuite entrer le code : 47XvEWQgM^<\/p>\n\n\n\n<p class=\"has-text-align-center\">2023<\/p>\n\n\n\n<p><a href=\"https:\/\/www.dropbox.com\/s\/klt5kjyo0kd4byr\/gfrs11_final.mp4?dl=0\">11\u00e8me Webinaire<\/a><\/p>\n\n\n\n<p>Le GFRS a eu l\u2019honneur d\u2019accueillir le Dr. Benjamin Chaigne, enseignant et chercheur \u00e0 l\u2019Universit\u00e9 Paris Cit\u00e9 et sp\u00e9cialiste en m\u00e9decine interne \u00e0 Cochin et Kevin Chevalier, interne de m\u00e9decine interne \u00e0 Paris. Benjamin Chaigne et Kevin Chevalier nous pr\u00e9senteront une mise au point sur les connectivites mixtes : \u201cMixed connective tissue disease: a 2023 update\u201d.<\/p>\n\n\n\n<p class=\"has-text-align-center\">2022<\/p>\n\n\n\n<p><a href=\"https:\/\/u-paris.zoom.us\/rec\/play\/un5XnVqMY1xkJjDKNCwCRfTgS753Tzu46nk4iA627TY4Phull6rtQ0cf0CWAfqtRalMf3ahARsA3oP4.M69twVz1AUN3jemZ?accessLevel=meeting&amp;canPlayFromShare=true&amp;from=share_recording_detail&amp;continueMode=true&amp;componentName=rec-play&amp;originRequestUrl=https%3A%2F%2Fu-paris.zoom.us%2Frec%2Fshare%2Fv3LjVw2P36M846i77APEZxa4gqJ8oBwkKmio1FXrywvnrgACRh6u2UbE8lBFS_Ta.-306RfEAmzT0I72M\">8\u00e8me Webinaire<\/a><\/p>\n\n\n\n<p>Le GFRS aura l\u2019honneur d\u2019accueillir le&nbsp;<strong>Pr. Jean-Luc Cracowski<\/strong>, enseignant et chercheur \u00e0 l\u2019Universit\u00e9 Grenoble Alpes et sp\u00e9cialiste en pathologie cardio-vasculaire et en pharmacologie clinique et \u00e9valuation des th\u00e9rapeutiques, et les <strong>Drs. Sophie Blaise<\/strong> <strong>et Bernard Imbert<\/strong>, sp\u00e9cialistes en m\u00e9decine vasculaire au CHU Grenoble Alpes.&nbsp;Le&nbsp; Pr.&nbsp;Jean-Luc Cracowski&nbsp;et&nbsp;les Drs. Sophie Blaise et Bernard Imbert nous pr\u00e9senteront&nbsp;les travaux et l\u2019exp\u00e9rience de leur \u00e9quipe concernant :<\/p>\n\n\n\n<p><strong>\u201cLes&nbsp;explorations fonctionnelles vasculaires dans la scl\u00e9rodermie syst\u00e9mique\u201d<\/strong><\/p>\n\n\n\n<p><a href=\"https:\/\/u-paris.zoom.us\/rec\/share\/MWcTuFDMcZr97qlmUyLaVMSmoZlfgMZKzwWIgJVG-tXhnu83kwi14fxfVdpi-JS3.xxrjPOVvDSz9aAFS\">7\u00e8me conf\u00e9rence en ligne <\/a><\/p>\n\n\n\n<p>Le GFRS a eu l\u2019honneur d\u2019accueillir le&nbsp;<strong>Pr.&nbsp;Vincent Cottin<\/strong>, enseignant et chercheur \u00e0 l\u2019Universit\u00e9 de Lyon et sp\u00e9cialiste en&nbsp;pneumologie, et&nbsp;le&nbsp;<strong>Pr. \u00c9ric Hachulla<\/strong>, enseignant et chercheur \u00e0 l\u2019Universit\u00e9 de Lille et sp\u00e9cialiste en m\u00e9decine interne&nbsp;au CHU de Lille.&nbsp;Le&nbsp;Pr. \u00c9ric Hachulla&nbsp;et le Pr. Vincent Cottin&nbsp;d\u00e9battront de <strong>l\u2019int\u00e9r\u00eat de&nbsp;l\u2019utilisation pr\u00e9coce des anti-fibrosants dans le traitement des pneumopathies interstitielles de la scl\u00e9rodermie<\/strong>.<\/p>\n\n\n\n<p><a href=\"https:\/\/u-paris.zoom.us\/rec\/play\/AcZ3MnsRrpL3DLHszmJROrXjDoeskBolAuH5j7I9zEeul5zYQY5D5sMKQY3iPNpI2pV9Hw-P-ckDjrM.26gZe7zA1SSSCQ-e?continueMode=true&amp;_x_zm_rtaid=OXh2cZsNSuyhsXkc5blXrw.1651468472002.0c4a2f860e45ed812ec786a1a46bec29&amp;_x_zm_rhtaid=359\">6eme Vid\u00e9oconf\u00e9rence du GFRS: R\u00f4le physiopathologique des auto-anticorps dans la scl\u00e9rodermie syst\u00e9mique<\/a><\/p>\n\n\n\n<p>Le GFRS a eu l\u2019honneur d\u2019accueillir le&nbsp;Pr. Vincent Sobanski, enseignant et chercheur \u00e0 l\u2019Universit\u00e9 de Lille, et sp\u00e9cialiste en m\u00e9decine interne et immunologie clinique au CHU de Lille, et le&nbsp;Pr.&nbsp;Carlo Chizzolini, enseignant et chercheur \u00e0 l\u2019Universit\u00e9 de Gen\u00e8ve, et sp\u00e9cialiste en&nbsp;immunologie clinique et allergologie.<\/p>\n\n\n\n<p>Le&nbsp;Pr. Vincent Sobanski et le Pr. Carlo Chizzolini ont d\u00e9velopp\u00e9 une expertise&nbsp;dans l\u2019\u00e9valuation du r\u00f4le des auto-anticorps r\u00f4le dans la classification et dans la physiopathologie de la scl\u00e9rodermie syst\u00e9mique. Le&nbsp;Pr.&nbsp;Vincent Sobanski nous&nbsp;pr\u00e9sentera les travaux et l\u2019exp\u00e9rience&nbsp;de son \u00e9quipe sur&nbsp;l\u2019apport des autoanticorps dans la classification de la scl\u00e9rodermie syst\u00e9mique et le Pr. Carlo Chizzolini sur&nbsp;le r\u00f4le physiopathologique des autoanticorps dans la scl\u00e9rodermie syst\u00e9mique.<\/p>\n\n\n\n<div class=\"wp-block-file\"><a id=\"wp-block-file--media-704b1159-45e4-4d23-89ad-bdb6a635d90c\" href=\"https:\/\/www.sclerodermie.net\/wp-content\/uploads\/2025\/05\/Ab-in-SSc_Rev_2022.pdf\">Ab-in-SSc_Rev_2022<\/a><a href=\"https:\/\/www.sclerodermie.net\/wp-content\/uploads\/2025\/05\/Ab-in-SSc_Rev_2022.pdf\" class=\"wp-block-file__button wp-element-button\" download aria-describedby=\"wp-block-file--media-704b1159-45e4-4d23-89ad-bdb6a635d90c\">T\u00e9l\u00e9charger<\/a><\/div>\n\n\n\n<p><\/p>\n\n\n\n<p><a href=\"https:\/\/u-paris.zoom.us\/rec\/share\/e00t0074Wr4me0rTocyXj5bwT8KkHDixVvfZNmy-FiANs-sl0KbAvCnSalHI53E.ye176EkyOHlVO7Pd\">5\u00e8me Webinaire<\/a><\/p>\n\n\n\n<p>Le GFRS aura l\u2019honneur d\u2019accueillir le&nbsp;<strong>Pr. Christelle Nguyen<\/strong>, enseignante et chercheur \u00e0 l\u2019Universit\u00e9 de Paris et sp\u00e9cialiste en m\u00e9decine physique et de r\u00e9adaptation \u00e0 l\u2019H\u00f4pital Cochin, le <strong>Dr. Alexandra R\u00f6ren et Mme Josette Bertheau<\/strong>, kin\u00e9sith\u00e9rapeutes&nbsp;\u00e0 l\u2019h\u00f4pital&nbsp;Cochin&nbsp;et <strong>Mme Catherine Bedin<\/strong>, ergoth\u00e9rapeute \u00e0 l\u2019h\u00f4pital Cochin.&nbsp;<\/p>\n\n\n\n<p>Le&nbsp;Pr. Christelle Nguyen, le&nbsp;Dr. Alexandra R\u00f6ren et Mmes Josette Bertheau et Catherine Bedin&nbsp;sont tr\u00e8s impliqu\u00e9es dans l\u2019\u00e9valuation et la prise en charge multidisciplinaire des situations de handicap en lien en particulier avec les atteintes de l\u2019appareil locomoteur chez les patients scl\u00e9rodermiques.&nbsp;<strong>Elles nous&nbsp;pr\u00e9senteront les travaux scientifiques&nbsp;et l\u2019exp\u00e9rience&nbsp;de leur&nbsp;\u00e9quipe concernant \u201cL\u2019\u00e9valuation du handicap et les&nbsp;principes de r\u00e9\u00e9ducation\u201d.<\/strong><\/p>\n\n\n\n<p><a href=\"https:\/\/u-paris.zoom.us\/rec\/share\/5L7Qvgl-h47dbYvG0s9lDmsh3Nc41NPZkHBbQtf-iMIJibJmhi9NmLPqI5nqi9A5.tHaiGA_hiaU3IAC0\">4\u00e8me Webinaire <\/a><\/p>\n\n\n\n<p>Le GFRS a l\u2019honneur d\u2019accueillir le&nbsp;<strong>Pr. David Launay<\/strong>, enseignant et chercheur \u00e0 l\u2019Universit\u00e9 de Lille et sp\u00e9cialiste en m\u00e9decine interne au CHU de Lille, le <strong>Dr. Magali Drouard<\/strong>, dermatologue au CHU de Lille et <strong>Mme.&nbsp;G\u00e9raldine Wojtasik<\/strong>,&nbsp;Infirmi\u00e8re d\u2019Education th\u00e9rapeutique du patient, au CHU de Lille.&nbsp;Le&nbsp;Pr. Launay, le Dr. Drouard et Mme.&nbsp;Wojtasik&nbsp;sont tr\u00e8s impliqu\u00e9s dans l\u2019\u00e9valuation et la prise en charge multidisciplinaire des atteintes cutan\u00e9es.&nbsp;<strong>Ils nous&nbsp;pr\u00e9sentent les travaux scientifiques&nbsp;et l\u2019exp\u00e9rience&nbsp;de leur&nbsp;\u00e9quipe concernant les&nbsp;\u201cUlc\u00e8res digitaux\u201d.<\/strong><\/p>\n\n\n\n<p>Ci dessous les diaporamas de leurs pr\u00e9sentations<\/p>\n\n\n\n<div class=\"wp-block-file\"><a id=\"wp-block-file--media-8e63089d-ffb3-43a7-a1b8-d675b5be0b34\" href=\"https:\/\/www.sclerodermie.net\/wp-content\/uploads\/2025\/05\/ULCERES-DIGITAUX-AU-COURS-DE-LA-SCLERODERMIE-SYSTEMIQUE-D-Launay.pdf\">ULCERES-DIGITAUX-AU-COURS-DE-LA-SCLERODERMIE-SYSTEMIQUE-D-Launay<\/a><a href=\"https:\/\/www.sclerodermie.net\/wp-content\/uploads\/2025\/05\/ULCERES-DIGITAUX-AU-COURS-DE-LA-SCLERODERMIE-SYSTEMIQUE-D-Launay.pdf\" class=\"wp-block-file__button wp-element-button\" download aria-describedby=\"wp-block-file--media-8e63089d-ffb3-43a7-a1b8-d675b5be0b34\">T\u00e9l\u00e9charger<\/a><\/div>\n\n\n\n<div class=\"wp-block-file\"><a id=\"wp-block-file--media-e7638c0e-3905-422f-ae89-cd2226e8e088\" href=\"https:\/\/www.sclerodermie.net\/wp-content\/uploads\/2025\/05\/Ulcerations-et-necroses-digitales-quels-traitements-locaux-M.-Drouard.pdf\">Ulcerations-et-necroses-digitales-quels-traitements-locaux-M.-Drouard<\/a><a href=\"https:\/\/www.sclerodermie.net\/wp-content\/uploads\/2025\/05\/Ulcerations-et-necroses-digitales-quels-traitements-locaux-M.-Drouard.pdf\" class=\"wp-block-file__button wp-element-button\" download aria-describedby=\"wp-block-file--media-e7638c0e-3905-422f-ae89-cd2226e8e088\">T\u00e9l\u00e9charger<\/a><\/div>\n\n\n\n<p class=\"has-text-align-center\">2021<\/p>\n\n\n\n<p><a href=\"https:\/\/u-paris.zoom.us\/rec\/share\/aaW3ZvRBsnMzw9krDryOb7IPXn6H508Qs64s3o3rXRQ0dzAcYyljYjDvQbCMvVmL.gdfu_-JUBXGVoOxp\">3\u00e8me Webinaire<\/a> : \u201c<strong>Comment g\u00e9rer les probl\u00e8mes bucco-dentaires au cours de la scl\u00e9rodermie syst\u00e9mique ?\u201d.<\/strong><\/p>\n\n\n\n<p>Le GFRS a eu l\u2019honneur d\u2019accueillir le <strong>Docteur Sophie Jung<\/strong>, enseignant et chercheur \u00e0 l\u2019Universit\u00e9 de Strasbourg. Le Docteur&nbsp;Jung&nbsp;et son \u00e9quipe sont tr\u00e8s impliqu\u00e9es dans l\u2019\u00e9valuation et la prise en charge multidisciplinaire des atteintes bucco-dentaires.<\/p>\n\n\n\n<p>Le Docteur Jung&nbsp;nous \u00e0 pr\u00e9sent\u00e9 les travaux r\u00e9cents de son \u00e9quipe <strong>\u201cComment g\u00e9rer les probl\u00e8mes bucco-dentaires au cours de la scl\u00e9rodermie syst\u00e9mique ?\u201d<\/strong>. &nbsp;<\/p>\n\n\n\n<div class=\"wp-block-file\"><a id=\"wp-block-file--media-270acb09-da61-431d-88d4-d52cd95aec42\" href=\"https:\/\/www.sclerodermie.net\/wp-content\/uploads\/2025\/05\/problemes-uccodentaires-oct2021.pdf\">problemes-uccodentaires-oct2021<\/a><a href=\"https:\/\/www.sclerodermie.net\/wp-content\/uploads\/2025\/05\/problemes-uccodentaires-oct2021.pdf\" class=\"wp-block-file__button wp-element-button\" download aria-describedby=\"wp-block-file--media-270acb09-da61-431d-88d4-d52cd95aec42\">T\u00e9l\u00e9charger<\/a><\/div>\n\n\n\n<p><\/p>\n\n\n\n<p>2\u00e8me Webinaire : <strong>\u201cNouvelles approches et contribution de l\u2019intelligence artificielle \u00e0 l\u2019imagerie thoracique dans la scl\u00e9rodermie syst\u00e9mique\u201d<\/strong>.<\/p>\n\n\n\n<p><br>Le GFRS a l\u2019honneur d\u2019accueillir le <strong>Professeur Marie-Pierre Revel<\/strong>, enseignant et chercheur \u00e0 l\u2019Universit\u00e9 de Paris. Le Professeur Revel et son \u00e9quipe sont&nbsp; tr\u00e8s impliqu\u00e9es dans la recherche et l\u2019innovation en imagerie thoracique. Le Pr Revel nous pr\u00e9sentera et discutera les travaux r\u00e9cents de son \u00e9quipe <strong>\u201cNouvelles approches et contribution de l\u2019intelligence artificielle \u00e0 l\u2019imagerie thoracique dans la scl\u00e9rodermie syst\u00e9mique\u201d<\/strong>.<\/p>\n\n\n\n<div class=\"wp-block-file\"><a id=\"wp-block-file--media-5fd1e95a-64d4-4987-b623-2d214749cfe3\" href=\"https:\/\/www.sclerodermie.net\/wp-content\/uploads\/2025\/05\/Webinaire-2-MP-Revel.pdf\">Webinaire-2-MP-Revel<\/a><a href=\"https:\/\/www.sclerodermie.net\/wp-content\/uploads\/2025\/05\/Webinaire-2-MP-Revel.pdf\" class=\"wp-block-file__button wp-element-button\" download aria-describedby=\"wp-block-file--media-5fd1e95a-64d4-4987-b623-2d214749cfe3\">T\u00e9l\u00e9charger<\/a><\/div>\n\n\n\n<p>1er Webinaire : <em><strong><em>\u201c<\/em>Mental Health in Systemic Sclerosis During the Covid-19 Pandemic<em>\u201c<\/em><\/strong><\/em><\/p>\n\n\n\n<p><em>Le GFRS aura l\u2019honneur d\u2019accueillir le&nbsp;<strong>Professeur&nbsp;Brett D. Thombs<\/strong>, Enseignant et Chercheur \u00e0 l\u2019Universit\u00e9 de McGill, \u00e0 Montreal.&nbsp;Le Professeur Thombs et son \u00e9quipe sont&nbsp; tr\u00e8s impliqu\u00e9s dans la recherche centr\u00e9e sur le patient et sur le handicap \u00e0 travers des inititatives originales comme le r\u00e9seau SPIN&nbsp;\u201cScleroderma Patient-centered Intervention Network\u201d.Il nous pr\u00e9sentera et discutera les travaux r\u00e9cents de son \u00e9quipe&nbsp;<strong><em>\u201c<\/em>Mental Health in Systemic Sclerosis During the Covid-19 Pandemic<em>\u201c<\/em><\/strong>.<\/em><\/p>\n\n\n\n<div class=\"wp-block-file\"><a id=\"wp-block-file--media-3c598362-dad4-40ce-890d-7cf999eaaf58\" href=\"https:\/\/www.sclerodermie.net\/wp-content\/uploads\/2025\/05\/Webinar-1-Brett-D.-Thombs.pdf\">Webinar-1-Brett-D.-Thombs<\/a><a href=\"https:\/\/www.sclerodermie.net\/wp-content\/uploads\/2025\/05\/Webinar-1-Brett-D.-Thombs.pdf\" class=\"wp-block-file__button wp-element-button\" download aria-describedby=\"wp-block-file--media-3c598362-dad4-40ce-890d-7cf999eaaf58\">T\u00e9l\u00e9charger<\/a><\/div>\n","protected":false},"excerpt":{"rendered":"<p>Vous trouverez sur cette page des liens vers les vid\u00e9os de nos webinairs. 2026 12 Mars 2026 : Manifestations dermatologiques dans la scl\u00e9rodermie syst\u00e9mique et utilisation du laser th\u00e9rapeutique. Drs [&hellip;]<\/p>\n","protected":false},"author":1,"featured_media":0,"parent":0,"menu_order":0,"comment_status":"closed","ping_status":"closed","template":"","meta":{"ngg_post_thumbnail":0,"footnotes":""},"class_list":["post-414","page","type-page","status-publish","hentry","entry"],"_links":{"self":[{"href":"https:\/\/www.sclerodermie.net\/index.php\/wp-json\/wp\/v2\/pages\/414","targetHints":{"allow":["GET"]}}],"collection":[{"href":"https:\/\/www.sclerodermie.net\/index.php\/wp-json\/wp\/v2\/pages"}],"about":[{"href":"https:\/\/www.sclerodermie.net\/index.php\/wp-json\/wp\/v2\/types\/page"}],"author":[{"embeddable":true,"href":"https:\/\/www.sclerodermie.net\/index.php\/wp-json\/wp\/v2\/users\/1"}],"replies":[{"embeddable":true,"href":"https:\/\/www.sclerodermie.net\/index.php\/wp-json\/wp\/v2\/comments?post=414"}],"version-history":[{"count":10,"href":"https:\/\/www.sclerodermie.net\/index.php\/wp-json\/wp\/v2\/pages\/414\/revisions"}],"predecessor-version":[{"id":812,"href":"https:\/\/www.sclerodermie.net\/index.php\/wp-json\/wp\/v2\/pages\/414\/revisions\/812"}],"wp:attachment":[{"href":"https:\/\/www.sclerodermie.net\/index.php\/wp-json\/wp\/v2\/media?parent=414"}],"curies":[{"name":"wp","href":"https:\/\/api.w.org\/{rel}","templated":true}]}}