{"id":256,"date":"2024-10-15T10:16:50","date_gmt":"2024-10-15T08:16:50","guid":{"rendered":"https:\/\/www.sclerodermie.net\/?page_id=256"},"modified":"2024-10-15T10:16:50","modified_gmt":"2024-10-15T08:16:50","slug":"tocilizumab-in-systemic-sclerosis-a-randomised-double-blind-placebo-controlled-phase-3-trial","status":"publish","type":"page","link":"https:\/\/www.sclerodermie.net\/index.php\/tocilizumab-in-systemic-sclerosis-a-randomised-double-blind-placebo-controlled-phase-3-trial\/","title":{"rendered":"Tocilizumab in systemic sclerosis: a randomised, double-blind, placebo-controlled, phase 3 trial"},"content":{"rendered":"\n<p>de <a href=\"https:\/\/sclerodermie.net\/author\/b-chaigne\/\">Benjamin CHAIGNE<\/a> <a href=\"https:\/\/sclerodermie.net\/2021\/03\/tocilizumab-in-systemic-sclerosis-a-randomised-double-blind-placebo-controlled-phase-3-trial\/\">20 mars 2021<\/a><\/p>\n\n\n\n<p>\u00ab&nbsp;Tocilizumab dans la scl\u00e9rodermie syst\u00e9mique: un essai de phase 3 randomis\u00e9, en double aveugle, <em>versus<\/em> placebo&nbsp;\u00bb<\/p>\n\n\n\n<p><a href=\"https:\/\/clinicaltrials.gov\/ct2\/show\/NCT02453256\">Etude FOCUSSCED<\/a><\/p>\n\n\n\n<p>Journal: <strong><em>Lancet Respiratory Medicine<\/em><\/strong><\/p>\n\n\n\n<p><strong>Auteurs&nbsp;: <\/strong>Dinesh Khanna, Celia J F Lin, Daniel E Furst, Jonathan Goldin, Grace Kim, Masataka Kuwana, Yannick Allanore, Marco Matucci-Cerinic, Oliver Distler, Yoshihito Shima, Jacob M van Laar, Helen Spotswood, Bridget Wagner, Jeffrey Siegel, Angelika Jahreis, Christopher P Denton, focuSSced investigators<\/p>\n\n\n\n<p><strong>Lancet Respir Med. 2020 Oct; 8(10):963-974.<\/strong><\/p>\n\n\n\n<p>doi: 10.1016\/S2213-2600(20)30318-0. PMID: 32866440<\/p>\n\n\n\n<hr class=\"wp-block-separator has-alpha-channel-opacity\"\/>\n\n\n\n<p><strong>R\u00e9sum\u00e9 par Fanny Mariette et Benjamin Chaigne<\/strong><\/p>\n\n\n\n<p><strong><u>Contexte<\/u><\/strong> :<\/p>\n\n\n\n<p>L\u2019essai de phase 2 contr\u00f4l\u00e9 randomis\u00e9<a href=\"https:\/\/sclerodermie.net\/2017\/12\/tocilizumab-cutane-sclerodermie-systemique-etude-fasscinate\/\"> <em>faSScinate<\/em><\/a>, a \u00e9valu\u00e9 l\u2019efficacit\u00e9 et la tol\u00e9rance du TOCILIZUMAB* dans la scl\u00e9rodermie syst\u00e9mique. Le crit\u00e8re de jugement principal qui \u00e9tait la modification du score cutan\u00e9 modifi\u00e9 de Rodnan (mRSS) \u00e0 24 semaines n\u2019a pas \u00e9t\u00e9 atteint : -3,92 dans le groupe TOCILIZUMAB contre -1,22 groupe contr\u00f4le avec une diff\u00e9rence de -2,70 [95%IC \u20135,85 \u2013 0,45], p=0,09. N\u00e9anmoins, dans cet essai, moins de patients trait\u00e9s par TOLICIZUMAB ont eu une baisse de la capacit\u00e9 vitale forc\u00e9e (CVF), probablement en lien avec la r\u00e9duction de l\u2019expression de g\u00e8nes associ\u00e9s aux macrophages profibrotiques. L\u2019article r\u00e9sum\u00e9 ici pr\u00e9sente l\u2019essai de phase III foccussced qui fait suite \u00e0 l\u2019\u00e9tude faSScinate.<\/p>\n\n\n\n<figure class=\"wp-block-image\"><img decoding=\"async\" src=\"https:\/\/sclerodermie.net\/wp-content\/uploads\/2021\/03\/tocilizumab.jpg\" alt=\"\" class=\"wp-image-5497\"\/><\/figure>\n\n\n\n<p>* <em>anticorps monoclonal humanis\u00e9 inhibiteur du r\u00e9cepteur <\/em><em>a<\/em><em> de l\u2019interleukine (IL)-6 &nbsp;<\/em><em>qui se lie sp\u00e9cifiquement aux fractions soluble et membranaire du r\u00e9cepteur, bloquant la transmission du signal m\u00e9di\u00e9 par ce r\u00e9cepteur.<\/em><\/p>\n\n\n\n<p><strong><u>Mat\u00e9riel et m\u00e9thodes :<\/u><\/strong><\/p>\n\n\n\n<p><em><a href=\"https:\/\/clinicaltrials.gov\/ct2\/show\/NCT02453256\"><strong>focussced<\/strong><\/a><\/em> est un essai de phase III multicentrique, randomis\u00e9, en double aveugle, contr\u00f4l\u00e9 contre placebo, r\u00e9alis\u00e9 dans 75 sites dans 20 pays d\u2019Europe, Am\u00e9rique du Nord, Am\u00e9rique Latine, et Japon. Les crit\u00e8res d\u2019inclusion sont les adultes avec une scl\u00e9rodermie syst\u00e9mique cutan\u00e9e diffuse selon les crit\u00e8res ACR\/EULAR 2013 depuis maximum 60 mois, avec un mRSS entre 10 et 35, un syndrome inflammatoire biologique (CRP &gt; 6 mg\/L ou VS &gt; 28 mm\/h ou plaquettes&nbsp; &gt; 330 G\/L), une maladie r\u00e9cente (&lt;18 mois) ou active sur la peau et les articulations. L\u2019atteinte pulmonaire n\u2019\u00e9tait pas un crit\u00e8re d\u2019inclusion et les patients avec une CVF &lt; 55% ou une DLCO &lt; 45% ont \u00e9t\u00e9 exclus.<\/p>\n\n\n\n<p>Le crit\u00e8re de jugement principal est le mRSS \u00e0 48 semaines.<\/p>\n\n\n\n<p><strong><u>R\u00e9sultats<\/u><\/strong> :<\/p>\n\n\n\n<p>Entre le 20\/11\/2015 et le 14\/02\/2017, 343 patients ont \u00e9t\u00e9 \u00e9ligibles dont 131 (38%) exclus. 212 patients ont \u00e9t\u00e9 randomis\u00e9s : 107 dans le groupe placebo et 105 dans le groupe TOCILIZUMAB. Les populations sont similaires dans les 2 groupes, les patients avaient une maladie r\u00e9cente \u00e9voluant en moyenne depuis moins de 2 ans dans les 2 groupes. Les mRSS initiaux et les CVF \u00e9taient comparables dans les 2 groupes (mRSS moyen \u00e0 20,4 (\u00e9cart-type 7,0) dans le groupe placebo et 20,3 (6,7) dans le groupe TOCILIZUMAB ; et CVF moyenne \u00e0 83,9% (15,0) dans le groupe placebo et 80,3% (14,4) dans le groupe TOCILIZUMAB).<\/p>\n\n\n\n<figure class=\"wp-block-image\"><img decoding=\"async\" src=\"https:\/\/sclerodermie.net\/wp-content\/uploads\/2021\/03\/tocilizumab-2.jpg\" alt=\"\" class=\"wp-image-5498\"\/><\/figure>\n\n\n\n<p>Le crit\u00e8re de jugement principal, qui est la modification du mRSS \u00e0 48 semaines n\u2019est pas atteint : -4,4 (-6,0 \u00e0 -2,9) dans le groupe TOCILIZUMAB contre -6,1 (-7,7 \u00e0 -4,6) dans le groupe placebo (p=0,10).<\/p>\n\n\n\n<p>On ne retrouve pas de diff\u00e9rence concernant les questionnaires de qualit\u00e9 de vie et handicap entre les 2 groupes (HAQ-DI, patient global assessement VAS, physician global assessement VAS, FACIT-Fatigue, SHAQVAS, SRGQ). Cependant, la diff\u00e9rence m\u00e9diane de la baisse de la valeur de la CVF (crit\u00e8re de jugement secondaire) est en faveur du groupe TOCILIZUMAB&nbsp;: -0,6% [-2,4 \u00e0 -0,9] dans le groupe placebo contre&nbsp; -3,9% [-4,8 \u00e0 -1,6] dans le groupe TOCILIZUMAB avec une diff\u00e9rence de 4,2 [2,0-6,4]. De plus, moins de patients ont eu une baisse de la CVF de plus de 10% dans le groupe TOCILIZUMAB compar\u00e9 au groupe placebo : 5% des patients contre 17%. Concernant les effets ind\u00e9sirables, il n\u2019y a pas de diff\u00e9rence entre les groupes, avec un taux important de patient ayant au moins un effet ind\u00e9sirable (77% dans le groupe placebo et 86% dans le groupe TOCILIZUMAB).<\/p>\n\n\n\n<p><strong><u>Conclusion&nbsp;:<\/u><\/strong><\/p>\n\n\n\n<p>D\u2019apr\u00e8s cette \u00e9tude, le TOCILIZUMAB n\u2019a pas d\u2019effet sur l\u2019atteinte cutan\u00e9e de la SSc \u00e9valu\u00e9e par le score cutan\u00e9 modifi\u00e9 de Rodnan. Cependant, les r\u00e9sultats concernant l\u2019atteinte pulmonaire \u00e9valu\u00e9e par la CVF sont encourageants et m\u00e9ritent d\u2019\u00eatre confirm\u00e9s dans un \u00e9tude de phase III d\u00e9di\u00e9e.<\/p>\n","protected":false},"excerpt":{"rendered":"<p>de Benjamin CHAIGNE 20 mars 2021 \u00ab&nbsp;Tocilizumab dans la scl\u00e9rodermie syst\u00e9mique: un essai de phase 3 randomis\u00e9, en double aveugle, versus placebo&nbsp;\u00bb Etude FOCUSSCED Journal: Lancet Respiratory Medicine Auteurs&nbsp;: Dinesh [&hellip;]<\/p>\n","protected":false},"author":1,"featured_media":0,"parent":0,"menu_order":0,"comment_status":"closed","ping_status":"closed","template":"","meta":{"ngg_post_thumbnail":0,"footnotes":""},"class_list":["post-256","page","type-page","status-publish","hentry","entry"],"_links":{"self":[{"href":"https:\/\/www.sclerodermie.net\/index.php\/wp-json\/wp\/v2\/pages\/256","targetHints":{"allow":["GET"]}}],"collection":[{"href":"https:\/\/www.sclerodermie.net\/index.php\/wp-json\/wp\/v2\/pages"}],"about":[{"href":"https:\/\/www.sclerodermie.net\/index.php\/wp-json\/wp\/v2\/types\/page"}],"author":[{"embeddable":true,"href":"https:\/\/www.sclerodermie.net\/index.php\/wp-json\/wp\/v2\/users\/1"}],"replies":[{"embeddable":true,"href":"https:\/\/www.sclerodermie.net\/index.php\/wp-json\/wp\/v2\/comments?post=256"}],"version-history":[{"count":1,"href":"https:\/\/www.sclerodermie.net\/index.php\/wp-json\/wp\/v2\/pages\/256\/revisions"}],"predecessor-version":[{"id":257,"href":"https:\/\/www.sclerodermie.net\/index.php\/wp-json\/wp\/v2\/pages\/256\/revisions\/257"}],"wp:attachment":[{"href":"https:\/\/www.sclerodermie.net\/index.php\/wp-json\/wp\/v2\/media?parent=256"}],"curies":[{"name":"wp","href":"https:\/\/api.w.org\/{rel}","templated":true}]}}