{"id":216,"date":"2024-10-08T10:00:24","date_gmt":"2024-10-08T08:00:24","guid":{"rendered":"https:\/\/www.sclerodermie.net\/?page_id=216"},"modified":"2026-04-10T11:08:31","modified_gmt":"2026-04-10T09:08:31","slug":"litterature-commentee","status":"publish","type":"page","link":"https:\/\/www.sclerodermie.net\/index.php\/litterature-commentee\/","title":{"rendered":"Litterature comment\u00e9e"},"content":{"rendered":"\n<p class=\"has-text-align-center\">2026<\/p>\n\n\n\n<p><a href=\"https:\/\/www.sclerodermie.net\/index.php\/poumon-et-sclerodermie-systemique\/\" data-type=\"page\" data-id=\"813\">Poumon et Scl\u00e9rodermie Syst\u00e9mique<\/a><\/p>\n\n\n\n<p><a href=\"https:\/\/www.sclerodermie.net\/index.php\/morbidite-obstetricale-chez-les-femmes-atteintes-de-sclerodermie-systemique-ou-de-vedoss-en-france-donnees-de-letude-observationnelle-prospective-gr2\/\" data-type=\"page\" data-id=\"793\">Morbidit\u00e9 obst\u00e9tricale chez les femmes atteintes de scl\u00e9rodermie syst\u00e9mique ou de VEDOSS en France, donn\u00e9es de l\u2019\u00e9tude observationnelle prospective GR2<\/a><\/p>\n\n\n\n<p><a href=\"https:\/\/www.sclerodermie.net\/index.php\/anifrolumab-un-nouveau-traitement-potentiel-pour-la-sclerodermie-systemique\/\" data-type=\"page\" data-id=\"790\">Anifrolumab &#8211; Un nouveau traitement potentiel pour la Scl\u00e9rodermie syst\u00e9mique<\/a><\/p>\n\n\n\n<p><a href=\"https:\/\/www.sclerodermie.net\/index.php\/morbi-mortalite-des-patients-obeses-atteints-de-sclerodermie-systemique-une-etude-comparative\/\" data-type=\"page\" data-id=\"786\">Morbi-mortalit\u00e9 des patients ob\u00e8ses atteints de scl\u00e9rodermie syst\u00e9mique : une \u00e9tude comparative<\/a><\/p>\n\n\n\n<p><a href=\"https:\/\/www.sclerodermie.net\/index.php\/evaluation-de-linteret-du-suivi-en-imagerie-par-resonance-magnetique-cardiaque-et-de-limpact-des-traitements-immunosuppresseurs-sur-levolution-cardiovasculaire-a-long-terme\/\" data-type=\"page\" data-id=\"783\">\u00c9valuation de l\u2019int\u00e9r\u00eat du suivi en imagerie par r\u00e9sonance magn\u00e9tique cardiaque et de l\u2019impact<br>des traitements immunosuppresseurs sur l\u2019\u00e9volution cardiovasculaire \u00e0 long-terme des patients atteints de scl\u00e9rodermie syst\u00e9mique<\/a><\/p>\n\n\n\n<p><a href=\"https:\/\/www.sclerodermie.net\/index.php\/quavons-nous-appris-sur-la-sclerodermie-systemique-grace-a-la-base-de-donnees-eustar\/\" data-type=\"page\" data-id=\"780\">Qu\u2019avons-nous appris sur la Scl\u00e9rodermie syst\u00e9mique gr\u00e2ce \u00e0 la base de donn\u00e9es EUSTAR ?<\/a><\/p>\n\n\n\n<hr class=\"wp-block-separator has-alpha-channel-opacity\"\/>\n\n\n\n<p class=\"has-text-align-center\">2025<\/p>\n\n\n\n<p><a href=\"https:\/\/www.sclerodermie.net\/index.php\/nerandomilast-in-patients-with-progressive-pulmonary-fibrosis\/\" data-type=\"page\" data-id=\"742\">Nerandomilast ches les patients atteints de fibrose pulmonaire progressive<\/a><\/p>\n\n\n\n<p><a href=\"https:\/\/www.sclerodermie.net\/index.php\/veille-bibliographique-pour-le-site-gfrs-resume-par-brigitte-granel\/\" data-type=\"page\" data-id=\"745\">La vid\u00e9o capillaroscopie p\u00e9ri-ungu\u00e9ale pr\u00e9dit une progression s\u00e9v\u00e8re \u00e0 trois ans dans la scl\u00e9rodermie syst\u00e9mique : R\u00e9sultats de l&rsquo;\u00e9tude SCLEROCAP<\/a><\/p>\n\n\n\n<p><a href=\"https:\/\/www.sclerodermie.net\/index.php\/la-stratification-des-patients-sclerodermiques-selon-leur-statut-auto-anticorps-revele-des-signatures-moleculaires-distinctes\/\" data-type=\"page\" data-id=\"776\">La stratification des patients scl\u00e9rodermiques selon leur statut auto-anticorps r\u00e9v\u00e8le des signatures mol\u00e9culaires distinctes.<\/a><\/p>\n\n\n\n<p><a href=\"https:\/\/www.sclerodermie.net\/index.php\/belumosudil-in-diffuse-cutaneous-systemic-sclerosis-a-randomised-double-blind-open-label-extension-placebo-controlled-phase-2-study\/\" data-type=\"page\" data-id=\"773\">Belumosudil in diffuse cutaneous systemic sclerosis: a randomised, double-blind, open-label extension, placebo-controlled, Phase 2 study<\/a><\/p>\n\n\n\n<hr class=\"wp-block-separator has-alpha-channel-opacity is-style-wide\" style=\"margin-top:0;margin-bottom:0\"\/>\n\n\n\n<p class=\"has-text-align-center\">2024<\/p>\n\n\n\n<p><a href=\"https:\/\/www.sclerodermie.net\/index.php\/combinaison-rituximab-et-mycophenolate-mofetil-chez-des-patients-atteints-dune-pneumopathie-interstitielle-ever-ild-essai-clinique-en-double-aveugle-randomise-versus-placebo\/\" data-type=\"page\" data-id=\"234\">Rituximab versus cyclophosphamide intraveineux chez des patients avec une atteinte interstitielle pulmonaire diffuse associ\u00e9e \u00e0 une connectivite au Royaume Uni(RECITAL)&nbsp;\u00bb<\/a><\/p>\n\n\n\n<hr class=\"wp-block-separator has-alpha-channel-opacity is-style-wide\"\/>\n\n\n\n<p class=\"has-text-align-center\">2023<\/p>\n\n\n\n<p><a href=\"https:\/\/www.sclerodermie.net\/index.php\/donnees-a-long-terme-apres-un-traitement-par-rituximab-chez-les-patients-atteints-de-sclerodermie-systemique\/\" data-type=\"page\" data-id=\"237\">Donn\u00e9es \u00e0 long terme apr\u00e8s un traitement par Rituximab chez les patients atteints de Scl\u00e9rodermie Syst\u00e9mique<\/a><\/p>\n\n\n\n<hr class=\"wp-block-separator has-alpha-channel-opacity is-style-wide\"\/>\n\n\n\n<p class=\"has-text-align-center\">2022<\/p>\n\n\n\n<p><a href=\"https:\/\/www.sclerodermie.net\/index.php\/taux-dincidence-standardise-et-facteurs-de-risque-de-cancer-chez-les-patients-atteints-de-sclerodermie-systemique-donnees-du-registre-espagnol-de-sclerodermie-rescle\/\" data-type=\"page\" data-id=\"240\">Taux d\u2019incidence standardis\u00e9 et facteurs de risque de cancer chez les patients atteints de scl\u00e9rodermie syst\u00e9mique: donn\u00e9es du registre espagnol de scl\u00e9rodermie (RESCLE)<\/a><\/p>\n\n\n\n<p><a href=\"https:\/\/www.sclerodermie.net\/index.php\/efficacite-et-securite-du-nintedanib-chez-les-patients-atteints-de-pneumopathie-interstitielle-diffuse-associee-a-la-sclerodermie-systemique-analyse-de-sous-groupe-en-fonction-du-statut-anticorps-et\/\" data-type=\"page\" data-id=\"243\">Efficacit\u00e9 et s\u00e9curit\u00e9 du nintedanib chez les patients atteints de pneumopathie interstitielle diffuse associ\u00e9e \u00e0 la scl\u00e9rodermie syst\u00e9mique : analyse de sous-groupe en fonction du statut anticorps et du score de Rodnan modifi\u00e9<\/a><\/p>\n\n\n\n<p><a href=\"https:\/\/www.sclerodermie.net\/index.php\/la-cartographie-parametrique-par-resonance-magnetique-cardiaque-peut-detecter-une-atteinte-cardiaque-precoce-chez-les-patients-atteints-de-sclerodermie-systemique\/\" data-type=\"page\" data-id=\"247\">La cartographie param\u00e9trique par r\u00e9sonance magn\u00e9tique cardiaque peut d\u00e9tecter une atteinte cardiaque pr\u00e9coce chez les patients atteints de scl\u00e9rodermie syst\u00e9mique<\/a><\/p>\n\n\n\n<p><a href=\"https:\/\/www.sclerodermie.net\/index.php\/multiple-variants-of-soluble-cd146-are-involved-in-systemic-sclerosis-identification-of-a-novel-pro-fibrotic-factor-marie-nollet-richard-bachelier-ahmad-joshkon-et-al\/\" data-type=\"page\" data-id=\"250\">Multiple variants of soluble CD146 are involved in Systemic Sclerosis: identification of a novel pro-fibrotic factor. Marie NOLLET, Richard BACHELIER, Ahmad JOSHKON,&nbsp;et al.<\/a><\/p>\n\n\n\n<p><a href=\"https:\/\/www.sclerodermie.net\/index.php\/efficacite-et-securite-du-nintedanib-chez-les-patients-atteints-de-pneumopathie-interstitielle-diffuse-associee-a-la-sclerodermie-systemique-et-traites-par-mycophenolate-une-analyse-de-sous\/\" data-type=\"page\" data-id=\"253\">Efficacit\u00e9 et s\u00e9curit\u00e9 du nintedanib chez les patients atteints de pneumopathie interstitielle diffuse associ\u00e9e \u00e0 la scl\u00e9rodermie syst\u00e9mique et trait\u00e9s par Mycoph\u00e9nolate \u2013 une analyse de sous-groupe de l\u2019essai SENSCIS\u201d<\/a><\/p>\n\n\n\n<hr class=\"wp-block-separator has-alpha-channel-opacity is-style-wide\"\/>\n\n\n\n<p class=\"has-text-align-center\">2021<\/p>\n\n\n\n<p><a href=\"https:\/\/www.sclerodermie.net\/index.php\/tocilizumab-in-systemic-sclerosis-a-randomised-double-blind-placebo-controlled-phase-3-trial\/\" data-type=\"page\" data-id=\"256\">Tocilizumab in systemic sclerosis: a randomised, double-blind, placebo-controlled, phase 3 trial<\/a><\/p>\n\n\n\n<p><a href=\"https:\/\/www.sclerodermie.net\/index.php\/le-treprostinil-inhale-dans-le-traitement-de-lhypertension-pulmonaire-secondaire-a-une-pneumopathie-interstitielle\/\" data-type=\"page\" data-id=\"259\">Le treprostinil inhal\u00e9 dans le traitement de l\u2019hypertension pulmonaire secondaire \u00e0 une pneumopathie interstitielle<\/a><\/p>\n\n\n\n<p><a href=\"https:\/\/www.sclerodermie.net\/index.php\/role-des-microarns-dans-la-pathogenie-de-la-fibrose-et-de-la-vasculopathie-de-la-sclerodermie-systemique\/\" data-type=\"page\" data-id=\"262\">R\u00f4le des microARNs dans la pathog\u00e9nie de la fibrose et de la vasculopathie de la Scl\u00e9rodermie syst\u00e9mique<\/a><\/p>\n\n\n\n<p><a href=\"https:\/\/www.sclerodermie.net\/index.php\/riociguat-en-traitement-de-la-sclerodermie-systemique-cutanee-diffuse-de-forme-precoce-rise-ssc-une-etude-multicentrique-randomisee-en-double-aveugle-controlee-contre-placebo\/\" data-type=\"page\" data-id=\"265\">Riociguat en traitement de la scl\u00e9rodermie syst\u00e9mique cutan\u00e9e diffuse de forme pr\u00e9coce (RISE-SSc) : une \u00e9tude multicentrique, randomis\u00e9e, en double aveugle, contr\u00f4l\u00e9e contre placebo<\/a><\/p>\n\n\n\n<hr class=\"wp-block-separator has-alpha-channel-opacity\"\/>\n\n\n\n<p>ICI vous trouverez un mod\u00e8le (template) de litt\u00e9rature comment\u00e9e : <\/p>\n\n\n\n<div class=\"wp-block-file\"><a id=\"wp-block-file--media-e3049cfb-8cbe-4bbf-92b3-d4eba0d64dd2\" href=\"https:\/\/www.sclerodermie.net\/wp-content\/uploads\/2026\/02\/LC-GFRS-DOC-VIERGE-21.01.2026-DL-BG-FINAL.docx\">LC GFRS DOC VIERGE 21.01.2026 DL BG FINAL<\/a><a href=\"https:\/\/www.sclerodermie.net\/wp-content\/uploads\/2026\/02\/LC-GFRS-DOC-VIERGE-21.01.2026-DL-BG-FINAL.docx\" class=\"wp-block-file__button wp-element-button\" download aria-describedby=\"wp-block-file--media-e3049cfb-8cbe-4bbf-92b3-d4eba0d64dd2\">T\u00e9l\u00e9charger<\/a><\/div>\n\n\n\n<p><\/p>\n","protected":false},"excerpt":{"rendered":"<p>2026 Poumon et Scl\u00e9rodermie Syst\u00e9mique Morbidit\u00e9 obst\u00e9tricale chez les femmes atteintes de scl\u00e9rodermie syst\u00e9mique ou de VEDOSS en France, donn\u00e9es de l\u2019\u00e9tude observationnelle prospective GR2 Anifrolumab &#8211; Un nouveau traitement [&hellip;]<\/p>\n","protected":false},"author":1,"featured_media":0,"parent":0,"menu_order":0,"comment_status":"closed","ping_status":"closed","template":"","meta":{"ngg_post_thumbnail":0,"footnotes":""},"class_list":["post-216","page","type-page","status-publish","hentry","entry"],"_links":{"self":[{"href":"https:\/\/www.sclerodermie.net\/index.php\/wp-json\/wp\/v2\/pages\/216","targetHints":{"allow":["GET"]}}],"collection":[{"href":"https:\/\/www.sclerodermie.net\/index.php\/wp-json\/wp\/v2\/pages"}],"about":[{"href":"https:\/\/www.sclerodermie.net\/index.php\/wp-json\/wp\/v2\/types\/page"}],"author":[{"embeddable":true,"href":"https:\/\/www.sclerodermie.net\/index.php\/wp-json\/wp\/v2\/users\/1"}],"replies":[{"embeddable":true,"href":"https:\/\/www.sclerodermie.net\/index.php\/wp-json\/wp\/v2\/comments?post=216"}],"version-history":[{"count":29,"href":"https:\/\/www.sclerodermie.net\/index.php\/wp-json\/wp\/v2\/pages\/216\/revisions"}],"predecessor-version":[{"id":817,"href":"https:\/\/www.sclerodermie.net\/index.php\/wp-json\/wp\/v2\/pages\/216\/revisions\/817"}],"wp:attachment":[{"href":"https:\/\/www.sclerodermie.net\/index.php\/wp-json\/wp\/v2\/media?parent=216"}],"curies":[{"name":"wp","href":"https:\/\/api.w.org\/{rel}","templated":true}]}}