{"id":190,"date":"2024-10-07T10:55:17","date_gmt":"2024-10-07T08:55:17","guid":{"rendered":"https:\/\/www.sclerodermie.net\/?page_id=190"},"modified":"2026-01-22T17:14:57","modified_gmt":"2026-01-22T16:14:57","slug":"protocoles","status":"publish","type":"page","link":"https:\/\/www.sclerodermie.net\/index.php\/protocoles\/","title":{"rendered":"Essais en cours"},"content":{"rendered":"\n<p><strong><u>\u00c9tude ADUSE<\/u><\/strong>&nbsp;:&nbsp;<strong>Essai multicentrique, randomis\u00e9, contr\u00f4l\u00e9 versus placebo de phase 2<\/strong>&nbsp;(NCT04356755), coordonn\u00e9 par le Pr Gr\u00e9gory Pugnet \u00e0 Toulouse,&nbsp;qui compare l\u2019efficacit\u00e9 et la s\u00e9curit\u00e9 \u00e0 16 semaines des injections digitales de cellules souches stromales m\u00e9senchymateuses <a href=\"https:\/\/mathec.com\/2018\/01\/04\/sclerodermie-systemique-aduse-injections-sous-cutanees-de-cellules-souches-autologues-derivees-de-tissus-adipeux-dans-le-traitement-des-ulceres-digitaux\/\" target=\"_blank\" rel=\"noreferrer noopener\">allog\u00e9nique<\/a>s versus placebo pour la cicatrisation des ulc\u00e8res digitaux r\u00e9fractaires isch\u00e9miques actifs (chroniques et\/ou r\u00e9currents) chez les patients atteints de scl\u00e9rodermie syst\u00e9mique.&nbsp;<\/p>\n\n\n\n<p>Contact&nbsp;: Pr Gr\u00e9gory Pugnet, investigateur coordinateur&nbsp;:&nbsp;<a href=\"mailto:pugnet.g@chu-toulouse.fr\" target=\"_blank\" rel=\"noreferrer noopener\">pugnet.g@chu-toulouse.fr<\/a>&nbsp;ou <a href=\"mailto:lebrin.m@chu-toulouse.fr\" target=\"_blank\" rel=\"noreferrer noopener\">bugarel.l@chu-toulouse.fr<\/a>&nbsp;<\/p>\n\n\n\n<p>Les inclusions ont d\u00e9marr\u00e9 et d\u2019ores et d\u00e9j\u00e0 16 patients sont randomis\u00e9s.<\/p>\n\n\n\n<hr class=\"wp-block-separator has-alpha-channel-opacity is-style-wide\"\/>\n\n\n\n<p><strong><u>Essai SCLERITA<\/u>&nbsp;: PHRC national, essai multicentrique de phase II, randomis\u00e9, contr\u00f4l\u00e9 versus placebo 2<\/strong>&nbsp;(NCT04789850), coordonn\u00e9 par le Dr Benjamin Chaigne \u00e0 Cochin, Paris,&nbsp;qui compare l\u2019efficacit\u00e9 et la s\u00e9curit\u00e9 \u00e0 52 semaines de l\u2019itacitinib, inhibiteur de JAK versus placebo pour le traitement de la fibrose cutan\u00e9e chez les patients atteints de scl\u00e9rodermie syst\u00e9mique, trait\u00e9s ou non par mycophenolate mofetil et\/ou methotrexate<\/p>\n\n\n\n<p>Contact&nbsp;: Dr Benjamin Chaigne, investigateur coordinateur&nbsp;:&nbsp;<a href=\"mailto:benjamin.chaigne@aphp.fr\" target=\"_blank\" rel=\"noreferrer noopener\">benjamin.chaigne@aphp.fr<\/a><\/p>\n\n\n\n<p>Les inclusions ont d\u00e9marr\u00e9 et d\u2019ores et d\u00e9j\u00e0 28 patients sont randomis\u00e9s.<\/p>\n\n\n\n<hr class=\"wp-block-separator has-alpha-channel-opacity is-style-wide\"\/>\n\n\n\n<p><strong><u>Etude SCLERIJAK-2<\/u><\/strong>&nbsp;: <strong>PHRC national, essai multicentrique de phase II, randomis\u00e9, contr\u00f4l\u00e9 versus placebo 2<\/strong>&nbsp;visant \u00e0 \u00e9valuer la tol\u00e9rance et l\u2019efficacit\u00e9 du baricitinib (JAK1-3) pour le traitement de la fibrose cutan\u00e9e associ\u00e9e \u00e0 la scl\u00e9rodermie syst\u00e9mique<\/p>\n\n\n\n<p>Contact&nbsp;pour participer et devenir centre : Dr Benjamin Chaigne <a href=\"mailto:benjamin.chaigne@aphp.fr\" target=\"_blank\" rel=\"noreferrer noopener\">benjamin.chaigne@aphp.fr<\/a><\/p>\n\n\n\n<p><\/p>\n\n\n\n<hr class=\"wp-block-separator has-alpha-channel-opacity\"\/>\n\n\n\n<p><strong><u>Etude OBINUSS<\/u><\/strong>&nbsp;: <strong>PHRC national, essai multicentrique de phase II, randomis\u00e9, contr\u00f4l\u00e9 versus placebo 2&nbsp;<\/strong>visant \u00e0 \u00e9valuer l&rsquo;obinutuzumab pour le traitement de la scl\u00e9rodermie syst\u00e9mique cutan\u00e9e diffuse r\u00e9cente ou active. L\u2019\u00e9tude est en cours d\u2019instruction.<\/p>\n\n\n\n<p>Contact&nbsp;pour participer et devenir centre : Dr Benjamin Chaigne <a href=\"mailto:benjamin.chaigne@aphp.fr\">benjamin.chaigne@aphp.fr<\/a><\/p>\n\n\n\n<hr class=\"wp-block-separator has-alpha-channel-opacity\"\/>\n\n\n\n<p><strong>Essai EverILD3<\/strong> : PHRC national, essai multicentrique de phase III, control\u00e9 randomis\u00e9 en double insu contre placebo, \u00e9valuant l&rsquo;efficacit\u00e9 et la s\u00e9curit\u00e9 de l&rsquo;association du rituximab et du mycoph\u00e9nolate mof\u00e9til chez les patients avec une pneumopathie interstitielle diffuse associ\u00e9e \u00e0 la scl\u00e9rodermie syst\u00e9mique &#8211; Essai en cours.<\/p>\n\n\n\n<p>Contact : Dr Benjamin Thoreau\u00a0<a href=\"mailto:benjamin.thoreau@chu-tours.fr\" target=\"_blank\" rel=\"noreferrer noopener\">benjamin.thoreau@chu-tours.fr<\/a>\u00a0<\/p>\n","protected":false},"excerpt":{"rendered":"<p>\u00c9tude ADUSE&nbsp;:&nbsp;Essai multicentrique, randomis\u00e9, contr\u00f4l\u00e9 versus placebo de phase 2&nbsp;(NCT04356755), coordonn\u00e9 par le Pr Gr\u00e9gory Pugnet \u00e0 Toulouse,&nbsp;qui compare l\u2019efficacit\u00e9 et la s\u00e9curit\u00e9 \u00e0 16 semaines des injections digitales de [&hellip;]<\/p>\n","protected":false},"author":1,"featured_media":0,"parent":0,"menu_order":0,"comment_status":"closed","ping_status":"closed","template":"","meta":{"ngg_post_thumbnail":0,"footnotes":""},"class_list":["post-190","page","type-page","status-publish","hentry","entry"],"_links":{"self":[{"href":"https:\/\/www.sclerodermie.net\/index.php\/wp-json\/wp\/v2\/pages\/190","targetHints":{"allow":["GET"]}}],"collection":[{"href":"https:\/\/www.sclerodermie.net\/index.php\/wp-json\/wp\/v2\/pages"}],"about":[{"href":"https:\/\/www.sclerodermie.net\/index.php\/wp-json\/wp\/v2\/types\/page"}],"author":[{"embeddable":true,"href":"https:\/\/www.sclerodermie.net\/index.php\/wp-json\/wp\/v2\/users\/1"}],"replies":[{"embeddable":true,"href":"https:\/\/www.sclerodermie.net\/index.php\/wp-json\/wp\/v2\/comments?post=190"}],"version-history":[{"count":13,"href":"https:\/\/www.sclerodermie.net\/index.php\/wp-json\/wp\/v2\/pages\/190\/revisions"}],"predecessor-version":[{"id":725,"href":"https:\/\/www.sclerodermie.net\/index.php\/wp-json\/wp\/v2\/pages\/190\/revisions\/725"}],"wp:attachment":[{"href":"https:\/\/www.sclerodermie.net\/index.php\/wp-json\/wp\/v2\/media?parent=190"}],"curies":[{"name":"wp","href":"https:\/\/api.w.org\/{rel}","templated":true}]}}