{"id":19,"date":"2024-08-08T13:20:46","date_gmt":"2024-08-08T11:20:46","guid":{"rendered":"https:\/\/www.sclerodermie.net\/?page_id=19"},"modified":"2025-07-09T11:41:30","modified_gmt":"2025-07-09T09:41:30","slug":"accueil","status":"publish","type":"page","link":"https:\/\/www.sclerodermie.net\/","title":{"rendered":"Le Groupe Francophone de Recherche sur la Scl\u00e9rodermie"},"content":{"rendered":"\n<p class=\"has-text-align-left\">Le GFRS (Groupe Francophone de Recherche sur la Scl\u00e9rodermie) est compos\u00e9 de m\u00e9decins de diverses sp\u00e9cialit\u00e9s (internistes, dermatologues, m\u00e9decins vasculaires, rhumatologues, pneumologues, p\u00e9diatres\u2026) et de chercheurs qui travaillent ensemble pour contribuer \u00e0 l\u2019am\u00e9lioration de la connaissance et de la prise en charge des patients atteints de scl\u00e9rodermie syst\u00e9mique. Le GFRS a toujours eu le soutien de l\u2019ASF (Association des Scl\u00e9rodermiques de France) et r\u00e9ciproquement, ce qui permet maintenir le lien entre le soin, la recherche et les patients.<\/p>\n\n\n\n<p>Pr David Launay, Pr\u00e9sident du GFRS<\/p>\n\n\n\n<hr class=\"wp-block-separator has-alpha-channel-opacity\"\/>\n\n\n\n<figure class=\"wp-block-gallery aligncenter has-nested-images columns-default is-cropped wp-block-gallery-1 is-layout-flex wp-block-gallery-is-layout-flex\">\n<figure class=\"wp-block-image size-large\"><img fetchpriority=\"high\" decoding=\"async\" width=\"1024\" height=\"768\" data-id=\"58\" src=\"https:\/\/www.sclerodermie.net\/wp-content\/uploads\/2024\/08\/PXL_20231130_113342977-1024x768.jpg\" alt=\"\" class=\"wp-image-58\" srcset=\"https:\/\/www.sclerodermie.net\/wp-content\/uploads\/2024\/08\/PXL_20231130_113342977-1024x768.jpg 1024w, https:\/\/www.sclerodermie.net\/wp-content\/uploads\/2024\/08\/PXL_20231130_113342977-300x225.jpg 300w, https:\/\/www.sclerodermie.net\/wp-content\/uploads\/2024\/08\/PXL_20231130_113342977-768x576.jpg 768w, https:\/\/www.sclerodermie.net\/wp-content\/uploads\/2024\/08\/PXL_20231130_113342977-1536x1152.jpg 1536w, https:\/\/www.sclerodermie.net\/wp-content\/uploads\/2024\/08\/PXL_20231130_113342977-2048x1536.jpg 2048w\" sizes=\"(max-width: 1024px) 100vw, 1024px\" \/><\/figure>\n\n\n\n<figure class=\"wp-block-image size-large\"><img decoding=\"async\" width=\"1024\" height=\"768\" data-id=\"57\" src=\"https:\/\/www.sclerodermie.net\/wp-content\/uploads\/2024\/08\/PXL_20231130_102704404.MP_-1024x768.jpg\" alt=\"\" class=\"wp-image-57\" srcset=\"https:\/\/www.sclerodermie.net\/wp-content\/uploads\/2024\/08\/PXL_20231130_102704404.MP_-1024x768.jpg 1024w, https:\/\/www.sclerodermie.net\/wp-content\/uploads\/2024\/08\/PXL_20231130_102704404.MP_-300x225.jpg 300w, https:\/\/www.sclerodermie.net\/wp-content\/uploads\/2024\/08\/PXL_20231130_102704404.MP_-768x576.jpg 768w, https:\/\/www.sclerodermie.net\/wp-content\/uploads\/2024\/08\/PXL_20231130_102704404.MP_-1536x1152.jpg 1536w, https:\/\/www.sclerodermie.net\/wp-content\/uploads\/2024\/08\/PXL_20231130_102704404.MP_-2048x1536.jpg 2048w\" sizes=\"(max-width: 1024px) 100vw, 1024px\" \/><\/figure>\n\n\n\n<figure class=\"wp-block-image size-large\"><img decoding=\"async\" width=\"1024\" height=\"768\" data-id=\"56\" src=\"https:\/\/www.sclerodermie.net\/wp-content\/uploads\/2024\/08\/PXL_20231130_083904704-1024x768.jpg\" alt=\"\" class=\"wp-image-56\" srcset=\"https:\/\/www.sclerodermie.net\/wp-content\/uploads\/2024\/08\/PXL_20231130_083904704-1024x768.jpg 1024w, https:\/\/www.sclerodermie.net\/wp-content\/uploads\/2024\/08\/PXL_20231130_083904704-300x225.jpg 300w, https:\/\/www.sclerodermie.net\/wp-content\/uploads\/2024\/08\/PXL_20231130_083904704-768x576.jpg 768w, https:\/\/www.sclerodermie.net\/wp-content\/uploads\/2024\/08\/PXL_20231130_083904704-1536x1152.jpg 1536w, https:\/\/www.sclerodermie.net\/wp-content\/uploads\/2024\/08\/PXL_20231130_083904704-2048x1536.jpg 2048w\" sizes=\"(max-width: 1024px) 100vw, 1024px\" \/><\/figure>\n<\/figure>\n\n\n\n<p><\/p>\n\n\n\n<p class=\"has-text-align-center\"><strong>Nos partenaires<\/strong><\/p>\n\n\n\nngg_shortcode_0_placeholder\n","protected":false},"excerpt":{"rendered":"<p>Le GFRS (Groupe Francophone de Recherche sur la Scl\u00e9rodermie) est compos\u00e9 de m\u00e9decins de diverses sp\u00e9cialit\u00e9s (internistes, dermatologues, m\u00e9decins vasculaires, rhumatologues, pneumologues, p\u00e9diatres\u2026) et de chercheurs qui travaillent ensemble pour [&hellip;]<\/p>\n","protected":false},"author":1,"featured_media":0,"parent":0,"menu_order":0,"comment_status":"closed","ping_status":"closed","template":"","meta":{"ngg_post_thumbnail":0,"footnotes":""},"class_list":["post-19","page","type-page","status-publish","hentry","entry"],"_links":{"self":[{"href":"https:\/\/www.sclerodermie.net\/index.php\/wp-json\/wp\/v2\/pages\/19","targetHints":{"allow":["GET"]}}],"collection":[{"href":"https:\/\/www.sclerodermie.net\/index.php\/wp-json\/wp\/v2\/pages"}],"about":[{"href":"https:\/\/www.sclerodermie.net\/index.php\/wp-json\/wp\/v2\/types\/page"}],"author":[{"embeddable":true,"href":"https:\/\/www.sclerodermie.net\/index.php\/wp-json\/wp\/v2\/users\/1"}],"replies":[{"embeddable":true,"href":"https:\/\/www.sclerodermie.net\/index.php\/wp-json\/wp\/v2\/comments?post=19"}],"version-history":[{"count":22,"href":"https:\/\/www.sclerodermie.net\/index.php\/wp-json\/wp\/v2\/pages\/19\/revisions"}],"predecessor-version":[{"id":670,"href":"https:\/\/www.sclerodermie.net\/index.php\/wp-json\/wp\/v2\/pages\/19\/revisions\/670"}],"wp:attachment":[{"href":"https:\/\/www.sclerodermie.net\/index.php\/wp-json\/wp\/v2\/media?parent=19"}],"curies":[{"name":"wp","href":"https:\/\/api.w.org\/{rel}","templated":true}]}}