{"id":104,"date":"2024-08-19T16:10:39","date_gmt":"2024-08-19T14:10:39","guid":{"rendered":"https:\/\/www.sclerodermie.net\/?page_id=104"},"modified":"2024-08-19T16:10:39","modified_gmt":"2024-08-19T14:10:39","slug":"leducation-therapeutique","status":"publish","type":"page","link":"https:\/\/www.sclerodermie.net\/index.php\/leducation-therapeutique\/","title":{"rendered":"L&rsquo;\u00e9ducation th\u00e9rapeutique"},"content":{"rendered":"\n<p><strong>L\u2019Education th\u00e9rapeutique dans la scl\u00e9rodermie Syst\u00e9mique<\/strong><\/p>\n\n\n\n<p><em>Par le Dr M\u00e9ryem-Maud FARHAT<\/em><\/p>\n\n\n\n<p>L\u2019\u00e9ducation th\u00e9rapeutique a \u00e9t\u00e9 d\u00e9finie en 1996 par l\u2019OMS (Organisation Mondiale de la sant\u00e9) comme une pratique qui \u00ab&nbsp;vise \u00e0 aider les patients \u00e0 acqu\u00e9rir ou maintenir les comp\u00e9tences dont ils ont besoin pour g\u00e9rer au mieux leur vie avec une maladie chronique. [\u2026] Ceci a pour but de les aider (ainsi que leurs familles) \u00e0 comprendre leur maladie et leur traitement, collaborer ensemble et assumer leurs responsabilit\u00e9s dans leur propre prise en charge, dans le but de les aider \u00e0 maintenir et am\u00e9liorer leur qualit\u00e9 de vie\u00a0\u00bb.<\/p>\n\n\n\n<p>La finalit\u00e9 de l\u2019ETP est donc d\u2019aider le patient \u00e0 acqu\u00e9rir des comp\u00e9tences pour mieux g\u00e9rer sa vie avec une maladie chronique.&nbsp;<\/p>\n\n\n\n<p>La pratique de l\u2019ETP se fait en plusieurs \u00e9tapes. D\u2019abord, un entretien individuel permet au patient et au soignant de faire le point sur les besoins du patient pour d\u00e9finir des objectifs d\u2019apprentissage. Ainsi, le soignant demande \u00e0 la personne ce qu&rsquo;elle sait de sa maladie mais aussi qui elle est, ce qu&rsquo;elle fait, quels sont ses projets de vie. Cela permet \u00e0 la personne d&rsquo;exprimer comment elle fait face \u00e0 la maladie, d\u2019identifier des besoins, des ressources et des difficult\u00e9s, et s\u00e9lectionner les comp\u00e9tences \u00e0 d\u00e9velopper. \u00c0 la fin de cette rencontre, le clinicien et le patient \u00e9laborent ensemble un programme permettant au patient d&rsquo;acqu\u00e9rir des comp\u00e9tences, pour mieux prendre soin de lui-m\u00eame. Il s\u2019agit de la participation du patient \u00e0 des ateliers d\u2019ETP. Selon le souhait du patient, les ateliers peuvent \u00eatre individuels ou collectifs. Chaque s\u00e9ance est anim\u00e9e par un m\u00e9decin et une infirmi\u00e8re et parfois, des professionnels de sant\u00e9 sp\u00e9cialis\u00e9s comme un psychologue, sophrologue\u2026<\/p>\n\n\n\n<p>L&rsquo;ETP est ainsi consid\u00e9r\u00e9e comme int\u00e9gr\u00e9e \u00e0 la prise en charge th\u00e9rapeutique, compl\u00e9mentaire et indissociable des traitements et des soins, du soulagement des sympt\u00f4mes en prenant en compte les besoins sp\u00e9cifiques de l\u2019individu.<\/p>\n\n\n\n<p>Il existe en France plusieurs programmes d\u2019\u00e9ducation th\u00e9rapeutique pour la scl\u00e9rodermie syst\u00e9mique (voir lien) qui vont aborder des th\u00e9matiques vari\u00e9s comme la compr\u00e9hension de la maladie, le \u00ab&nbsp;vivre avec&nbsp;\u00bb, les traitements, les mesures pr\u00e9ventives sp\u00e9cifiques, l\u2019alimentation, l\u2019activit\u00e9 physique, la vie quotidienne, le v\u00e9cu de la maladie, les ulc\u00e8res digitaux\u2026<\/p>\n\n\n\n<p>Les derniers d\u00e9veloppements permettent de proposer des ateliers \u00e0 distance pour permettre aux patients isol\u00e9s g\u00e9ographiquement ou ayant des difficult\u00e9s \u00e0 se d\u00e9placer de participer \u00e9galement.&nbsp;<\/p>\n\n\n\n<figure class=\"wp-block-embed is-type-video is-provider-youtube wp-block-embed-youtube wp-embed-aspect-16-9 wp-has-aspect-ratio\"><div class=\"wp-block-embed__wrapper\">\n<p class=\"responsive-video-wrap clr\"><iframe title=\"L&#039;atelier d&#039;\u00e9ducation th\u00e9rapeutique\" width=\"1200\" height=\"675\" src=\"https:\/\/www.youtube.com\/embed\/f7iZsRjS7ac?feature=oembed\" frameborder=\"0\" allow=\"accelerometer; autoplay; clipboard-write; encrypted-media; gyroscope; picture-in-picture; web-share\" referrerpolicy=\"strict-origin-when-cross-origin\" allowfullscreen><\/iframe><\/p>\n<\/div><\/figure>\n","protected":false},"excerpt":{"rendered":"<p>L\u2019Education th\u00e9rapeutique dans la scl\u00e9rodermie Syst\u00e9mique Par le Dr M\u00e9ryem-Maud FARHAT L\u2019\u00e9ducation th\u00e9rapeutique a \u00e9t\u00e9 d\u00e9finie en 1996 par l\u2019OMS (Organisation Mondiale de la sant\u00e9) comme une pratique qui \u00ab&nbsp;vise [&hellip;]<\/p>\n","protected":false},"author":1,"featured_media":0,"parent":0,"menu_order":0,"comment_status":"closed","ping_status":"closed","template":"","meta":{"ngg_post_thumbnail":0,"footnotes":""},"class_list":["post-104","page","type-page","status-publish","hentry","entry"],"_links":{"self":[{"href":"https:\/\/www.sclerodermie.net\/index.php\/wp-json\/wp\/v2\/pages\/104","targetHints":{"allow":["GET"]}}],"collection":[{"href":"https:\/\/www.sclerodermie.net\/index.php\/wp-json\/wp\/v2\/pages"}],"about":[{"href":"https:\/\/www.sclerodermie.net\/index.php\/wp-json\/wp\/v2\/types\/page"}],"author":[{"embeddable":true,"href":"https:\/\/www.sclerodermie.net\/index.php\/wp-json\/wp\/v2\/users\/1"}],"replies":[{"embeddable":true,"href":"https:\/\/www.sclerodermie.net\/index.php\/wp-json\/wp\/v2\/comments?post=104"}],"version-history":[{"count":1,"href":"https:\/\/www.sclerodermie.net\/index.php\/wp-json\/wp\/v2\/pages\/104\/revisions"}],"predecessor-version":[{"id":105,"href":"https:\/\/www.sclerodermie.net\/index.php\/wp-json\/wp\/v2\/pages\/104\/revisions\/105"}],"wp:attachment":[{"href":"https:\/\/www.sclerodermie.net\/index.php\/wp-json\/wp\/v2\/media?parent=104"}],"curies":[{"name":"wp","href":"https:\/\/api.w.org\/{rel}","templated":true}]}}